{"id":10068,"date":"2024-11-07T21:38:04","date_gmt":"2024-11-07T20:38:04","guid":{"rendered":"https:\/\/retrocrea.fr\/produit\/coussinet-de-bielle-renault-r5-r15-alpine-4"},"modified":"2025-02-21T12:07:18","modified_gmt":"2025-02-21T11:07:18","slug":"coussinet-de-bielle-renault-r5-r15-alpine-4","status":"publish","type":"product","link":"https:\/\/retrocrea.fr\/en\/product\/coussinet-de-bielle-renault-r5-r15-alpine-4","title":{"rendered":"Coussinet de Bielle Renault R5, R15, Alpine"},"content":{"rendered":"<p>Coussinets de Bielles pour Renault R15TL mot 810.10 &#8211; Alpine 1300 810.30 &#8211; R5 810.25<\/p>\n<p>Neufs ancien stock ou refabrication, de marque Federal Mogul, SIC, Coussinet Fran\u00e7ais, Vandervell, Floquet Monopole, Glacier, Glyco, TLC ou autre en fonction de la disponibilit\u00e9<\/p>\n<p>Possible traces de stockage<\/p>\n<p>Vendus en Jeu<\/p>\n<p>Dimensions catalogue origine indicatives (cote standard)<br \/>\nDiam\u00e8tre d&rsquo;arbre x diam\u00e8tre d&rsquo;al\u00e9sage x longueur:<br \/>\n43,23 x 47,625 x 17,75 mm<\/p>\n<p>Photo non contractuelle<br \/>\nNous contacter si besoin pour confirmer votre mod\u00e8le <\/p>","protected":false},"excerpt":{"rendered":"<p>Coussinets de Bielle pour Renault R15TL mot 810.10 &#8211; Alpine 1300 810.30 &#8211; R5 810.25<br \/>\nNeufs<br \/>\nCote r\u00e9paration ou origine<br \/>\nPhoto non contractuelle<\/p>","protected":false},"featured_media":10022,"comment_status":"closed","ping_status":"closed","template":"","meta":{"site-sidebar-layout":"default","site-content-layout":"","ast-site-content-layout":"default","site-content-style":"default","site-sidebar-style":"default","ast-global-header-display":"","ast-banner-title-visibility":"","ast-main-header-display":"","ast-hfb-above-header-display":"","ast-hfb-below-header-display":"","ast-hfb-mobile-header-display":"","site-post-title":"","ast-breadcrumbs-content":"","ast-featured-img":"","footer-sml-layout":"","ast-disable-related-posts":"","theme-transparent-header-meta":"","adv-header-id-meta":"","stick-header-meta":"","header-above-stick-meta":"","header-main-stick-meta":"","header-below-stick-meta":"","astra-migrate-meta-layouts":"default","ast-page-background-enabled":"default","ast-page-background-meta":{"desktop":{"background-color":"","background-image":"","background-repeat":"repeat","background-position":"center center","background-size":"auto","background-attachment":"scroll","background-type":"","background-media":"","overlay-type":"","overlay-color":"","overlay-opacity":"","overlay-gradient":""},"tablet":{"background-color":"","background-image":"","background-repeat":"repeat","background-position":"center center","background-size":"auto","background-attachment":"scroll","background-type":"","background-media":"","overlay-type":"","overlay-color":"","overlay-opacity":"","overlay-gradient":""},"mobile":{"background-color":"","background-image":"","background-repeat":"repeat","background-position":"center center","background-size":"auto","background-attachment":"scroll","background-type":"","background-media":"","overlay-type":"","overlay-color":"","overlay-opacity":"","overlay-gradient":""}},"ast-content-background-meta":{"desktop":{"background-color":"var(--ast-global-color-5)","background-image":"","background-repeat":"repeat","background-position":"center center","background-size":"auto","background-attachment":"scroll","background-type":"","background-media":"","overlay-type":"","overlay-color":"","overlay-opacity":"","overlay-gradient":""},"tablet":{"background-color":"var(--ast-global-color-5)","background-image":"","background-repeat":"repeat","background-position":"center center","background-size":"auto","background-attachment":"scroll","background-type":"","background-media":"","overlay-type":"","overlay-color":"","overlay-opacity":"","overlay-gradient":""},"mobile":{"background-color":"var(--ast-global-color-5)","background-image":"","background-repeat":"repeat","background-position":"center center","background-size":"auto","background-attachment":"scroll","background-type":"","background-media":"","overlay-type":"","overlay-color":"","overlay-opacity":"","overlay-gradient":""}}},"product_brand":[],"product_cat":[905,89,896,719],"product_tag":[],"class_list":{"0":"post-10068","1":"product","2":"type-product","3":"status-publish","4":"has-post-thumbnail","6":"product_cat-alpine","7":"product_cat-coussinets","8":"product_cat-r15","9":"product_cat-r5","10":"desktop-align-left","11":"tablet-align-left","12":"mobile-align-left","14":"first","15":"outofstock","16":"taxable","17":"shipping-taxable","18":"purchasable","19":"product-type-variable"},"aioseo_notices":[],"_links":{"self":[{"href":"https:\/\/retrocrea.fr\/en\/wp-json\/wp\/v2\/product\/10068","targetHints":{"allow":["GET"]}}],"collection":[{"href":"https:\/\/retrocrea.fr\/en\/wp-json\/wp\/v2\/product"}],"about":[{"href":"https:\/\/retrocrea.fr\/en\/wp-json\/wp\/v2\/types\/product"}],"replies":[{"embeddable":true,"href":"https:\/\/retrocrea.fr\/en\/wp-json\/wp\/v2\/comments?post=10068"}],"version-history":[{"count":2,"href":"https:\/\/retrocrea.fr\/en\/wp-json\/wp\/v2\/product\/10068\/revisions"}],"predecessor-version":[{"id":12564,"href":"https:\/\/retrocrea.fr\/en\/wp-json\/wp\/v2\/product\/10068\/revisions\/12564"}],"wp:featuredmedia":[{"embeddable":true,"href":"https:\/\/retrocrea.fr\/en\/wp-json\/wp\/v2\/media\/10022"}],"wp:attachment":[{"href":"https:\/\/retrocrea.fr\/en\/wp-json\/wp\/v2\/media?parent=10068"}],"wp:term":[{"taxonomy":"product_brand","embeddable":true,"href":"https:\/\/retrocrea.fr\/en\/wp-json\/wp\/v2\/product_brand?post=10068"},{"taxonomy":"product_cat","embeddable":true,"href":"https:\/\/retrocrea.fr\/en\/wp-json\/wp\/v2\/product_cat?post=10068"},{"taxonomy":"product_tag","embeddable":true,"href":"https:\/\/retrocrea.fr\/en\/wp-json\/wp\/v2\/product_tag?post=10068"}],"curies":[{"name":"wp","href":"https:\/\/api.w.org\/{rel}","templated":true}]}}