{"id":10070,"date":"2024-11-07T21:38:06","date_gmt":"2024-11-07T20:38:06","guid":{"rendered":"https:\/\/retrocrea.fr\/produit\/coussinet-de-ligne-darbre-renault-r4-r5-r6-r8-clio-estafette-r12-r18-r9-r11"},"modified":"2025-02-21T12:07:26","modified_gmt":"2025-02-21T11:07:26","slug":"coussinet-de-ligne-darbre-renault-r4-r5-r6-r8-clio-estafette-r12-r18-r9-r11","status":"publish","type":"product","link":"https:\/\/retrocrea.fr\/en\/product\/coussinet-de-ligne-darbre-renault-r4-r5-r6-r8-clio-estafette-r12-r18-r9-r11","title":{"rendered":"Coussinet de Ligne d&rsquo;arbre Renault R4, R5, R6, R8, Clio, Estafette, R12, R18, R9, R11"},"content":{"rendered":"<p>Coussinets de Ligne d&rsquo;arbre pour Renault R4 R5 mot 688.12 688.13 &#8211; R4 R5 R6 R8 Clio Estafette mot 688C1E &#8211; R5 mot 810.25 810.26 840.26 &#8211; R12 mot 810.01 810.02 810.05 847 &#8211; R5 Alpine 840.25 &#8211; R18 mot 847 &#8211; R9 &#8211; R5 R9 R11 Turbo mot 840 840.30<\/p>\n<p>Neufs ancien stock ou refabrication, de marque Federal Mogul, SIC, Coussinet Fran\u00e7ais, Vandervell, Floquet Monopole, Glacier, Glyco, TLC ou autre en fonction de la disponibilit\u00e9<\/p>\n<p>Possible traces de stockage<\/p>\n<p>Vendus en Jeu<\/p>\n<p>Dimensions catalogue origine indicatives (cote standard)<br \/>\nDiam\u00e8tre d&rsquo;arbre x diam\u00e8tre d&rsquo;al\u00e9sage x longueur:<br \/>\n54,795 x 58,75 x 19,5 mm<\/p>\n<p>Photo non contractuelle<br \/>\nNous contacter si besoin pour confirmer votre mod\u00e8le <\/p>","protected":false},"excerpt":{"rendered":"<p>Coussinets de Ligne d&rsquo;arbre pour Renault R4 R5 mot 688.12 688.13 &#8211; R4 R5 R6 R8 Clio Estafette mot 688C1E &#8211; R5 mot 810.25 810.26 840.26 &#8211; R12 mot 810.01 810.02 810.05 847 &#8211; R5 Alpine 840.25 &#8211; R18 mot 847 &#8211; R9 &#8211; R5 R9 R11 Turbo mot 840 840.30<br \/>\nNeufs<br \/>\nCote r\u00e9paration ou origine<br \/>\nPhoto non contractuelle<\/p>","protected":false},"featured_media":10022,"comment_status":"closed","ping_status":"closed","template":"","meta":{"site-sidebar-layout":"default","site-content-layout":"","ast-site-content-layout":"default","site-content-style":"default","site-sidebar-style":"default","ast-global-header-display":"","ast-banner-title-visibility":"","ast-main-header-display":"","ast-hfb-above-header-display":"","ast-hfb-below-header-display":"","ast-hfb-mobile-header-display":"","site-post-title":"","ast-breadcrumbs-content":"","ast-featured-img":"","footer-sml-layout":"","ast-disable-related-posts":"","theme-transparent-header-meta":"","adv-header-id-meta":"","stick-header-meta":"","header-above-stick-meta":"","header-main-stick-meta":"","header-below-stick-meta":"","astra-migrate-meta-layouts":"default","ast-page-background-enabled":"default","ast-page-background-meta":{"desktop":{"background-color":"","background-image":"","background-repeat":"repeat","background-position":"center center","background-size":"auto","background-attachment":"scroll","background-type":"","background-media":"","overlay-type":"","overlay-color":"","overlay-opacity":"","overlay-gradient":""},"tablet":{"background-color":"","background-image":"","background-repeat":"repeat","background-position":"center center","background-size":"auto","background-attachment":"scroll","background-type":"","background-media":"","overlay-type":"","overlay-color":"","overlay-opacity":"","overlay-gradient":""},"mobile":{"background-color":"","background-image":"","background-repeat":"repeat","background-position":"center center","background-size":"auto","background-attachment":"scroll","background-type":"","background-media":"","overlay-type":"","overlay-color":"","overlay-opacity":"","overlay-gradient":""}},"ast-content-background-meta":{"desktop":{"background-color":"var(--ast-global-color-5)","background-image":"","background-repeat":"repeat","background-position":"center center","background-size":"auto","background-attachment":"scroll","background-type":"","background-media":"","overlay-type":"","overlay-color":"","overlay-opacity":"","overlay-gradient":""},"tablet":{"background-color":"var(--ast-global-color-5)","background-image":"","background-repeat":"repeat","background-position":"center center","background-size":"auto","background-attachment":"scroll","background-type":"","background-media":"","overlay-type":"","overlay-color":"","overlay-opacity":"","overlay-gradient":""},"mobile":{"background-color":"var(--ast-global-color-5)","background-image":"","background-repeat":"repeat","background-position":"center center","background-size":"auto","background-attachment":"scroll","background-type":"","background-media":"","overlay-type":"","overlay-color":"","overlay-opacity":"","overlay-gradient":""}}},"product_brand":[],"product_cat":[1079,89,897,895,714,898,467,719,892,715,1076],"product_tag":[],"class_list":{"0":"post-10070","1":"product","2":"type-product","3":"status-publish","4":"has-post-thumbnail","6":"product_cat-clio","7":"product_cat-coussinets","8":"product_cat-estafette","9":"product_cat-r11","10":"product_cat-r12","11":"product_cat-r18","12":"product_cat-r4","13":"product_cat-r5","14":"product_cat-r6","15":"product_cat-r8","16":"product_cat-r9","17":"desktop-align-left","18":"tablet-align-left","19":"mobile-align-left","21":"first","22":"instock","23":"taxable","24":"shipping-taxable","25":"purchasable","26":"product-type-variable"},"aioseo_notices":[],"_links":{"self":[{"href":"https:\/\/retrocrea.fr\/en\/wp-json\/wp\/v2\/product\/10070","targetHints":{"allow":["GET"]}}],"collection":[{"href":"https:\/\/retrocrea.fr\/en\/wp-json\/wp\/v2\/product"}],"about":[{"href":"https:\/\/retrocrea.fr\/en\/wp-json\/wp\/v2\/types\/product"}],"replies":[{"embeddable":true,"href":"https:\/\/retrocrea.fr\/en\/wp-json\/wp\/v2\/comments?post=10070"}],"version-history":[{"count":2,"href":"https:\/\/retrocrea.fr\/en\/wp-json\/wp\/v2\/product\/10070\/revisions"}],"predecessor-version":[{"id":12566,"href":"https:\/\/retrocrea.fr\/en\/wp-json\/wp\/v2\/product\/10070\/revisions\/12566"}],"wp:featuredmedia":[{"embeddable":true,"href":"https:\/\/retrocrea.fr\/en\/wp-json\/wp\/v2\/media\/10022"}],"wp:attachment":[{"href":"https:\/\/retrocrea.fr\/en\/wp-json\/wp\/v2\/media?parent=10070"}],"wp:term":[{"taxonomy":"product_brand","embeddable":true,"href":"https:\/\/retrocrea.fr\/en\/wp-json\/wp\/v2\/product_brand?post=10070"},{"taxonomy":"product_cat","embeddable":true,"href":"https:\/\/retrocrea.fr\/en\/wp-json\/wp\/v2\/product_cat?post=10070"},{"taxonomy":"product_tag","embeddable":true,"href":"https:\/\/retrocrea.fr\/en\/wp-json\/wp\/v2\/product_tag?post=10070"}],"curies":[{"name":"wp","href":"https:\/\/api.w.org\/{rel}","templated":true}]}}