{"id":10077,"date":"2024-11-07T21:38:22","date_gmt":"2024-11-07T20:38:22","guid":{"rendered":"https:\/\/retrocrea.fr\/produit\/coussinet-de-ligne-darbre-renault-r16-r12-r15-r17-r18-r20-fuego-alpine"},"modified":"2025-02-21T12:07:28","modified_gmt":"2025-02-21T11:07:28","slug":"coussinet-de-ligne-darbre-renault-r16-r12-r15-r17-r18-r20-fuego-alpine","status":"publish","type":"product","link":"https:\/\/retrocrea.fr\/en\/product\/coussinet-de-ligne-darbre-renault-r16-r12-r15-r17-r18-r20-fuego-alpine","title":{"rendered":"Coussinet de Ligne d&rsquo;arbre Renault R16, R12, R15, R17, R18, R20, Fuego, Alpine"},"content":{"rendered":"<p>Coussinets de Ligne d&rsquo;arbre pour Renault R16 mot 697 807- R12 Gordini &#8211; R15TS &#8211; R17 Gordini &#8211; R18 Turbo TS GTL GTS &#8211; R20 L TL GTL &#8211; Fuego GTL GTS &#8211; Alpine 1600 A110 A310<\/p>\n<p>Neufs ancien stock ou refabrication, de marque Federal Mogul, SIC, Coussinet Fran\u00e7ais, Vandervell, Floquet Monopole, Glacier, Glyco, TLC ou autre en fonction de la disponibilit\u00e9<\/p>\n<p>Possible traces de stockage<\/p>\n<p>Vendus en Jeu<\/p>\n<p>Dimensions catalogue origine indicatives (cote standard)<br \/>\nDiam\u00e8tre d&rsquo;arbre x diam\u00e8tre d&rsquo;al\u00e9sage x longueur:<br \/>\n54,803 x 58,731 x 20,5 mm<\/p>\n<p>Photo non contractuelle<br \/>\nNous contacter si besoin pour confirmer votre mod\u00e8le <\/p>","protected":false},"excerpt":{"rendered":"<p>Coussinets de Ligne d&rsquo;arbre pour Renault R16 mot 697 807- R12 Gordini &#8211; R15TS &#8211; R17 Gordini &#8211; R18 Turbo TS GTL GTS &#8211; R20 L TL GTL &#8211; Fuego GTL GTS &#8211; Alpine 1600 A110 A310<br \/>\nNeufs<br \/>\nCote r\u00e9paration ou origine<br \/>\nPhoto non contractuelle<\/p>","protected":false},"featured_media":10022,"comment_status":"closed","ping_status":"closed","template":"","meta":{"site-sidebar-layout":"default","site-content-layout":"","ast-site-content-layout":"default","site-content-style":"default","site-sidebar-style":"default","ast-global-header-display":"","ast-banner-title-visibility":"","ast-main-header-display":"","ast-hfb-above-header-display":"","ast-hfb-below-header-display":"","ast-hfb-mobile-header-display":"","site-post-title":"","ast-breadcrumbs-content":"","ast-featured-img":"","footer-sml-layout":"","ast-disable-related-posts":"","theme-transparent-header-meta":"","adv-header-id-meta":"","stick-header-meta":"","header-above-stick-meta":"","header-main-stick-meta":"","header-below-stick-meta":"","astra-migrate-meta-layouts":"default","ast-page-background-enabled":"default","ast-page-background-meta":{"desktop":{"background-color":"","background-image":"","background-repeat":"repeat","background-position":"center center","background-size":"auto","background-attachment":"scroll","background-type":"","background-media":"","overlay-type":"","overlay-color":"","overlay-opacity":"","overlay-gradient":""},"tablet":{"background-color":"","background-image":"","background-repeat":"repeat","background-position":"center center","background-size":"auto","background-attachment":"scroll","background-type":"","background-media":"","overlay-type":"","overlay-color":"","overlay-opacity":"","overlay-gradient":""},"mobile":{"background-color":"","background-image":"","background-repeat":"repeat","background-position":"center center","background-size":"auto","background-attachment":"scroll","background-type":"","background-media":"","overlay-type":"","overlay-color":"","overlay-opacity":"","overlay-gradient":""}},"ast-content-background-meta":{"desktop":{"background-color":"var(--ast-global-color-5)","background-image":"","background-repeat":"repeat","background-position":"center center","background-size":"auto","background-attachment":"scroll","background-type":"","background-media":"","overlay-type":"","overlay-color":"","overlay-opacity":"","overlay-gradient":""},"tablet":{"background-color":"var(--ast-global-color-5)","background-image":"","background-repeat":"repeat","background-position":"center center","background-size":"auto","background-attachment":"scroll","background-type":"","background-media":"","overlay-type":"","overlay-color":"","overlay-opacity":"","overlay-gradient":""},"mobile":{"background-color":"var(--ast-global-color-5)","background-image":"","background-repeat":"repeat","background-position":"center center","background-size":"auto","background-attachment":"scroll","background-type":"","background-media":"","overlay-type":"","overlay-color":"","overlay-opacity":"","overlay-gradient":""}}},"product_brand":[],"product_cat":[905,89,904,714,896,891,886,898,899],"product_tag":[],"class_list":{"0":"post-10077","1":"product","2":"type-product","3":"status-publish","4":"has-post-thumbnail","6":"product_cat-alpine","7":"product_cat-coussinets","8":"product_cat-fuego","9":"product_cat-r12","10":"product_cat-r15","11":"product_cat-r16","12":"product_cat-r17","13":"product_cat-r18","14":"product_cat-r20","15":"desktop-align-left","16":"tablet-align-left","17":"mobile-align-left","19":"first","20":"instock","21":"taxable","22":"shipping-taxable","23":"purchasable","24":"product-type-variable"},"aioseo_notices":[],"_links":{"self":[{"href":"https:\/\/retrocrea.fr\/en\/wp-json\/wp\/v2\/product\/10077","targetHints":{"allow":["GET"]}}],"collection":[{"href":"https:\/\/retrocrea.fr\/en\/wp-json\/wp\/v2\/product"}],"about":[{"href":"https:\/\/retrocrea.fr\/en\/wp-json\/wp\/v2\/types\/product"}],"replies":[{"embeddable":true,"href":"https:\/\/retrocrea.fr\/en\/wp-json\/wp\/v2\/comments?post=10077"}],"version-history":[{"count":2,"href":"https:\/\/retrocrea.fr\/en\/wp-json\/wp\/v2\/product\/10077\/revisions"}],"predecessor-version":[{"id":12573,"href":"https:\/\/retrocrea.fr\/en\/wp-json\/wp\/v2\/product\/10077\/revisions\/12573"}],"wp:featuredmedia":[{"embeddable":true,"href":"https:\/\/retrocrea.fr\/en\/wp-json\/wp\/v2\/media\/10022"}],"wp:attachment":[{"href":"https:\/\/retrocrea.fr\/en\/wp-json\/wp\/v2\/media?parent=10077"}],"wp:term":[{"taxonomy":"product_brand","embeddable":true,"href":"https:\/\/retrocrea.fr\/en\/wp-json\/wp\/v2\/product_brand?post=10077"},{"taxonomy":"product_cat","embeddable":true,"href":"https:\/\/retrocrea.fr\/en\/wp-json\/wp\/v2\/product_cat?post=10077"},{"taxonomy":"product_tag","embeddable":true,"href":"https:\/\/retrocrea.fr\/en\/wp-json\/wp\/v2\/product_tag?post=10077"}],"curies":[{"name":"wp","href":"https:\/\/api.w.org\/{rel}","templated":true}]}}