{"id":10092,"date":"2024-11-07T21:38:53","date_gmt":"2024-11-07T20:38:53","guid":{"rendered":"https:\/\/retrocrea.fr\/produit\/coussinet-de-bielle-peugeot-403-404-504-j7-autre"},"modified":"2025-02-21T12:07:58","modified_gmt":"2025-02-21T11:07:58","slug":"coussinet-de-bielle-peugeot-403-404-504-j7-autre","status":"publish","type":"product","link":"https:\/\/retrocrea.fr\/en\/product\/coussinet-de-bielle-peugeot-403-404-504-j7-autre","title":{"rendered":"Coussinet de Bielle Peugeot 403, 404, 504, J7, Autre"},"content":{"rendered":"<p>Coussinets de Bielles pour Peugeot 403D 404D, D4AD, D4BD, J7,TMD80, TMD85, TDMX4 &#8211; 404D, 504D, J7 XDP88, XDP90<\/p>\n<p>Neufs ancien stock ou refabrication, de marque Federal Mogul, SIC, Coussinet Fran\u00e7ais, Vandervell, Floquet Monopole, Glacier, Glyco, TLC ou autre en fonction de la disponibilit\u00e9<\/p>\n<p>Possible traces de stockage<\/p>\n<p>Vendus en Jeu<\/p>\n<p>Dimensions catalogue origine indicatives (cote standard)<br \/>\nDiam\u00e8tre d&rsquo;arbre x diam\u00e8tre d&rsquo;al\u00e9sage x longueur:<br \/>\n50 x 53,695 x 29 mm<\/p>\n<p>Photo non contractuelle<br \/>\nNous contacter si besoin pour confirmer votre mod\u00e8le <\/p>","protected":false},"excerpt":{"rendered":"<p>Coussinets de Bielle pour Peugeot 403D 404D, D4AD, D4BD, J7,TMD80, TMD85, TDMX4 &#8211; 404D, 504D, J7 XDP88, XDP90<br \/>\nNeufs<br \/>\nCote r\u00e9paration ou origine<br \/>\nPhoto non contractuelle<\/p>","protected":false},"featured_media":10022,"comment_status":"closed","ping_status":"closed","template":"","meta":{"site-sidebar-layout":"default","site-content-layout":"","ast-site-content-layout":"default","site-content-style":"default","site-sidebar-style":"default","ast-global-header-display":"","ast-banner-title-visibility":"","ast-main-header-display":"","ast-hfb-above-header-display":"","ast-hfb-below-header-display":"","ast-hfb-mobile-header-display":"","site-post-title":"","ast-breadcrumbs-content":"","ast-featured-img":"","footer-sml-layout":"","ast-disable-related-posts":"","theme-transparent-header-meta":"","adv-header-id-meta":"","stick-header-meta":"","header-above-stick-meta":"","header-main-stick-meta":"","header-below-stick-meta":"","astra-migrate-meta-layouts":"default","ast-page-background-enabled":"default","ast-page-background-meta":{"desktop":{"background-color":"","background-image":"","background-repeat":"repeat","background-position":"center center","background-size":"auto","background-attachment":"scroll","background-type":"","background-media":"","overlay-type":"","overlay-color":"","overlay-opacity":"","overlay-gradient":""},"tablet":{"background-color":"","background-image":"","background-repeat":"repeat","background-position":"center center","background-size":"auto","background-attachment":"scroll","background-type":"","background-media":"","overlay-type":"","overlay-color":"","overlay-opacity":"","overlay-gradient":""},"mobile":{"background-color":"","background-image":"","background-repeat":"repeat","background-position":"center center","background-size":"auto","background-attachment":"scroll","background-type":"","background-media":"","overlay-type":"","overlay-color":"","overlay-opacity":"","overlay-gradient":""}},"ast-content-background-meta":{"desktop":{"background-color":"var(--ast-global-color-5)","background-image":"","background-repeat":"repeat","background-position":"center center","background-size":"auto","background-attachment":"scroll","background-type":"","background-media":"","overlay-type":"","overlay-color":"","overlay-opacity":"","overlay-gradient":""},"tablet":{"background-color":"var(--ast-global-color-5)","background-image":"","background-repeat":"repeat","background-position":"center center","background-size":"auto","background-attachment":"scroll","background-type":"","background-media":"","overlay-type":"","overlay-color":"","overlay-opacity":"","overlay-gradient":""},"mobile":{"background-color":"var(--ast-global-color-5)","background-image":"","background-repeat":"repeat","background-position":"center center","background-size":"auto","background-attachment":"scroll","background-type":"","background-media":"","overlay-type":"","overlay-color":"","overlay-opacity":"","overlay-gradient":""}}},"product_brand":[],"product_cat":[707,708,706,699,89,1081],"product_tag":[],"class_list":{"0":"post-10092","1":"product","2":"type-product","3":"status-publish","4":"has-post-thumbnail","6":"product_cat-707","7":"product_cat-708","8":"product_cat-706","9":"product_cat-autre-peugeot","10":"product_cat-coussinets","11":"product_cat-j7","12":"desktop-align-left","13":"tablet-align-left","14":"mobile-align-left","16":"first","17":"instock","18":"taxable","19":"shipping-taxable","20":"purchasable","21":"product-type-variable"},"aioseo_notices":[],"_links":{"self":[{"href":"https:\/\/retrocrea.fr\/en\/wp-json\/wp\/v2\/product\/10092","targetHints":{"allow":["GET"]}}],"collection":[{"href":"https:\/\/retrocrea.fr\/en\/wp-json\/wp\/v2\/product"}],"about":[{"href":"https:\/\/retrocrea.fr\/en\/wp-json\/wp\/v2\/types\/product"}],"replies":[{"embeddable":true,"href":"https:\/\/retrocrea.fr\/en\/wp-json\/wp\/v2\/comments?post=10092"}],"version-history":[{"count":2,"href":"https:\/\/retrocrea.fr\/en\/wp-json\/wp\/v2\/product\/10092\/revisions"}],"predecessor-version":[{"id":12588,"href":"https:\/\/retrocrea.fr\/en\/wp-json\/wp\/v2\/product\/10092\/revisions\/12588"}],"wp:featuredmedia":[{"embeddable":true,"href":"https:\/\/retrocrea.fr\/en\/wp-json\/wp\/v2\/media\/10022"}],"wp:attachment":[{"href":"https:\/\/retrocrea.fr\/en\/wp-json\/wp\/v2\/media?parent=10092"}],"wp:term":[{"taxonomy":"product_brand","embeddable":true,"href":"https:\/\/retrocrea.fr\/en\/wp-json\/wp\/v2\/product_brand?post=10092"},{"taxonomy":"product_cat","embeddable":true,"href":"https:\/\/retrocrea.fr\/en\/wp-json\/wp\/v2\/product_cat?post=10092"},{"taxonomy":"product_tag","embeddable":true,"href":"https:\/\/retrocrea.fr\/en\/wp-json\/wp\/v2\/product_tag?post=10092"}],"curies":[{"name":"wp","href":"https:\/\/api.w.org\/{rel}","templated":true}]}}