{"id":11292,"date":"2024-11-25T21:09:02","date_gmt":"2024-11-25T20:09:02","guid":{"rendered":"https:\/\/retrocrea.fr\/produit\/cales-de-vilbrequin-renault-4cv-r3-r4-r5-r6"},"modified":"2025-02-21T12:09:46","modified_gmt":"2025-02-21T11:09:46","slug":"cales-de-vilbrequin-renault-4cv-r3-r4-r5-r6","status":"publish","type":"product","link":"https:\/\/retrocrea.fr\/en\/product\/cales-de-vilbrequin-renault-4cv-r3-r4-r5-r6","title":{"rendered":"Cales de vilbrequin Renault 4CV, R3, R4, R5, R6"},"content":{"rendered":"<p>Cales de vilbrequin \/ flaques but\u00e9e<\/p>\n<p>Neuves ancien stock ou refabrication, de marque Federal Mogul, SIC, Coussinet Fran\u00e7ais, Vandervell, Floquet Monopole, Glacier, Glyco, TLC ou autre en fonction de la disponibilit\u00e9<\/p>\n<p>Possible traces de stockage<\/p>\n<p>Vendues en Jeu de 2 demi-cales<\/p>\n<p>Dimensions catalogue origine indicatives (cote standard)<br \/>\nDiam\u00e8tre int\u00e9rieur x diam\u00e8tre ext\u00e9rieur x \u00e9paisseur:<br \/>\n44,7 x 55,9 x 1,95 mm<\/p>\n<p>Photo non contractuelle<br \/>\nNous contacter si besoin pour confirmer votre mod\u00e8le <\/p>","protected":false},"excerpt":{"rendered":"<p>Cales de vilbrequin pour Renault Dauphine  4CV R3 R4 mot 662 670 680 690 &#8211; R5 R6 mot 800.02\/03\/10 839.01\/06<br \/>\nNeuves<br \/>\nCote r\u00e9paration ou origine<br \/>\nPhoto non contractuelle<\/p>","protected":false},"featured_media":11282,"comment_status":"closed","ping_status":"closed","template":"","meta":{"site-sidebar-layout":"default","site-content-layout":"","ast-site-content-layout":"default","site-content-style":"default","site-sidebar-style":"default","ast-global-header-display":"","ast-banner-title-visibility":"","ast-main-header-display":"","ast-hfb-above-header-display":"","ast-hfb-below-header-display":"","ast-hfb-mobile-header-display":"","site-post-title":"","ast-breadcrumbs-content":"","ast-featured-img":"","footer-sml-layout":"","ast-disable-related-posts":"","theme-transparent-header-meta":"","adv-header-id-meta":"","stick-header-meta":"","header-above-stick-meta":"","header-main-stick-meta":"","header-below-stick-meta":"","astra-migrate-meta-layouts":"default","ast-page-background-enabled":"default","ast-page-background-meta":{"desktop":{"background-color":"","background-image":"","background-repeat":"repeat","background-position":"center center","background-size":"auto","background-attachment":"scroll","background-type":"","background-media":"","overlay-type":"","overlay-color":"","overlay-opacity":"","overlay-gradient":""},"tablet":{"background-color":"","background-image":"","background-repeat":"repeat","background-position":"center center","background-size":"auto","background-attachment":"scroll","background-type":"","background-media":"","overlay-type":"","overlay-color":"","overlay-opacity":"","overlay-gradient":""},"mobile":{"background-color":"","background-image":"","background-repeat":"repeat","background-position":"center center","background-size":"auto","background-attachment":"scroll","background-type":"","background-media":"","overlay-type":"","overlay-color":"","overlay-opacity":"","overlay-gradient":""}},"ast-content-background-meta":{"desktop":{"background-color":"var(--ast-global-color-5)","background-image":"","background-repeat":"repeat","background-position":"center center","background-size":"auto","background-attachment":"scroll","background-type":"","background-media":"","overlay-type":"","overlay-color":"","overlay-opacity":"","overlay-gradient":""},"tablet":{"background-color":"var(--ast-global-color-5)","background-image":"","background-repeat":"repeat","background-position":"center center","background-size":"auto","background-attachment":"scroll","background-type":"","background-media":"","overlay-type":"","overlay-color":"","overlay-opacity":"","overlay-gradient":""},"mobile":{"background-color":"var(--ast-global-color-5)","background-image":"","background-repeat":"repeat","background-position":"center center","background-size":"auto","background-attachment":"scroll","background-type":"","background-media":"","overlay-type":"","overlay-color":"","overlay-opacity":"","overlay-gradient":""}}},"product_brand":[],"product_cat":[690,89,466,467,719,892],"product_tag":[],"class_list":{"0":"post-11292","1":"product","2":"type-product","3":"status-publish","4":"has-post-thumbnail","6":"product_cat-4cv","7":"product_cat-coussinets","8":"product_cat-r3","9":"product_cat-r4","10":"product_cat-r5","11":"product_cat-r6","12":"desktop-align-left","13":"tablet-align-left","14":"mobile-align-left","16":"first","17":"instock","18":"taxable","19":"shipping-taxable","20":"purchasable","21":"product-type-variable"},"aioseo_notices":[],"_links":{"self":[{"href":"https:\/\/retrocrea.fr\/en\/wp-json\/wp\/v2\/product\/11292","targetHints":{"allow":["GET"]}}],"collection":[{"href":"https:\/\/retrocrea.fr\/en\/wp-json\/wp\/v2\/product"}],"about":[{"href":"https:\/\/retrocrea.fr\/en\/wp-json\/wp\/v2\/types\/product"}],"replies":[{"embeddable":true,"href":"https:\/\/retrocrea.fr\/en\/wp-json\/wp\/v2\/comments?post=11292"}],"version-history":[{"count":1,"href":"https:\/\/retrocrea.fr\/en\/wp-json\/wp\/v2\/product\/11292\/revisions"}],"predecessor-version":[{"id":12681,"href":"https:\/\/retrocrea.fr\/en\/wp-json\/wp\/v2\/product\/11292\/revisions\/12681"}],"wp:featuredmedia":[{"embeddable":true,"href":"https:\/\/retrocrea.fr\/en\/wp-json\/wp\/v2\/media\/11282"}],"wp:attachment":[{"href":"https:\/\/retrocrea.fr\/en\/wp-json\/wp\/v2\/media?parent=11292"}],"wp:term":[{"taxonomy":"product_brand","embeddable":true,"href":"https:\/\/retrocrea.fr\/en\/wp-json\/wp\/v2\/product_brand?post=11292"},{"taxonomy":"product_cat","embeddable":true,"href":"https:\/\/retrocrea.fr\/en\/wp-json\/wp\/v2\/product_cat?post=11292"},{"taxonomy":"product_tag","embeddable":true,"href":"https:\/\/retrocrea.fr\/en\/wp-json\/wp\/v2\/product_tag?post=11292"}],"curies":[{"name":"wp","href":"https:\/\/api.w.org\/{rel}","templated":true}]}}