{"id":12788,"date":"2025-02-21T12:18:02","date_gmt":"2025-02-21T11:18:02","guid":{"rendered":"https:\/\/retrocrea.fr\/produit\/rupteur-vis-platinee-ducellier-582133"},"modified":"2025-10-07T21:10:13","modified_gmt":"2025-10-07T19:10:13","slug":"rupteur-vis-platinee-ducellier-582133","status":"publish","type":"product","link":"https:\/\/retrocrea.fr\/en\/product\/rupteur-vis-platinee-ducellier-582133","title":{"rendered":"Rupteur \/ vis platin\u00e9e DUCELLIER 582133"},"content":{"rendered":"<p>Rupteur \/ vis platin\u00e9e DUCELLIER 582133<br \/>\nPour Citro\u00ebn Visa Super jusque 1978<br \/>\nPeugeot 104 1.0<br \/>\n1.1<br \/>\n1.2<br \/>\n1.4 1980-83<br \/>\nTalbot Samba 1.0 1981-83<br \/>\nRenault R14 R20<\/p>\n<p>Neuf ancien stock, de marque Constructeur, Ducellier, BOSCH, SEV MARCHAL, AVA, Lucas, Mobil, MAGNETTI MARELLI, Lewy&rsquo;s, SIE, Unipart, Paris-Rhone, Hitachi, RB, Sopartex, SX, Bremi, Valeo, Delco-Remy, MAB, Facet, Doduco, Motorcraft, Electra, Vap ou autre en fonction de la disponibilit\u00e9<\/p>\n<p>Possible traces de stockage<\/p>\n<p>R\u00e9f\u00e9rence Ducellier 582133<br \/>\nR\u00e9f\u00e9rence SEV MARCHAL 40012103<br \/>\nR\u00e9f\u00e9rence AVA R1146<br \/>\nR\u00e9f\u00e9rence Valeo D433<br \/>\nR\u00e9f\u00e9rence constructeur Peugeot 5927-83<br \/>\nAutres r\u00e9f\u00e9rence Idem Citro\u00ebn 7901592783<br \/>\nIdem Talbot 9405927838<\/p>\n<p>Mod\u00e8les et correspondances indicatives<\/p>\n<p>Photo non contractuelle<br \/>\nNous contacter si besoin pour confirmer votre mod\u00e8le <\/p>","protected":false},"excerpt":{"rendered":"<p>Rupteur \/ vis platin\u00e9e pour Citro\u00ebn Visa Super jusque 1978<br \/>\nPeugeot 104 1.0<br \/>\n1.1<br \/>\n1.2<br \/>\n1.4 1980-83<br \/>\nTalbot Samba 1.0 1981-83<br \/>\nRenault R14 R20<br \/>\nNeuf ancien stock<br \/>\nPhoto non contractuelle<\/p>","protected":false},"featured_media":12064,"comment_status":"closed","ping_status":"closed","template":"","meta":{"site-sidebar-layout":"default","site-content-layout":"","ast-site-content-layout":"default","site-content-style":"default","site-sidebar-style":"default","ast-global-header-display":"","ast-banner-title-visibility":"","ast-main-header-display":"","ast-hfb-above-header-display":"","ast-hfb-below-header-display":"","ast-hfb-mobile-header-display":"","site-post-title":"","ast-breadcrumbs-content":"","ast-featured-img":"","footer-sml-layout":"","ast-disable-related-posts":"","theme-transparent-header-meta":"","adv-header-id-meta":"","stick-header-meta":"","header-above-stick-meta":"","header-main-stick-meta":"","header-below-stick-meta":"","astra-migrate-meta-layouts":"default","ast-page-background-enabled":"default","ast-page-background-meta":{"desktop":{"background-color":"","background-image":"","background-repeat":"repeat","background-position":"center center","background-size":"auto","background-attachment":"scroll","background-type":"","background-media":"","overlay-type":"","overlay-color":"","overlay-opacity":"","overlay-gradient":""},"tablet":{"background-color":"","background-image":"","background-repeat":"repeat","background-position":"center center","background-size":"auto","background-attachment":"scroll","background-type":"","background-media":"","overlay-type":"","overlay-color":"","overlay-opacity":"","overlay-gradient":""},"mobile":{"background-color":"","background-image":"","background-repeat":"repeat","background-position":"center center","background-size":"auto","background-attachment":"scroll","background-type":"","background-media":"","overlay-type":"","overlay-color":"","overlay-opacity":"","overlay-gradient":""}},"ast-content-background-meta":{"desktop":{"background-color":"var(--ast-global-color-5)","background-image":"","background-repeat":"repeat","background-position":"center center","background-size":"auto","background-attachment":"scroll","background-type":"","background-media":"","overlay-type":"","overlay-color":"","overlay-opacity":"","overlay-gradient":""},"tablet":{"background-color":"var(--ast-global-color-5)","background-image":"","background-repeat":"repeat","background-position":"center center","background-size":"auto","background-attachment":"scroll","background-type":"","background-media":"","overlay-type":"","overlay-color":"","overlay-opacity":"","overlay-gradient":""},"mobile":{"background-color":"var(--ast-global-color-5)","background-image":"","background-repeat":"repeat","background-position":"center center","background-size":"auto","background-attachment":"scroll","background-type":"","background-media":"","overlay-type":"","overlay-color":"","overlay-opacity":"","overlay-gradient":""}}},"product_brand":[],"product_cat":[604,1166,899,486,143,239],"product_tag":[],"class_list":{"0":"post-12788","1":"product","2":"type-product","3":"status-publish","4":"has-post-thumbnail","6":"product_cat-604","7":"product_cat-r14","8":"product_cat-r20","9":"product_cat-talbot","10":"product_cat-vis-platinees-rupteurs","11":"product_cat-visa","12":"desktop-align-left","13":"tablet-align-left","14":"mobile-align-left","16":"first","17":"instock","18":"taxable","19":"shipping-taxable","20":"purchasable","21":"product-type-simple"},"aioseo_notices":[],"_links":{"self":[{"href":"https:\/\/retrocrea.fr\/en\/wp-json\/wp\/v2\/product\/12788","targetHints":{"allow":["GET"]}}],"collection":[{"href":"https:\/\/retrocrea.fr\/en\/wp-json\/wp\/v2\/product"}],"about":[{"href":"https:\/\/retrocrea.fr\/en\/wp-json\/wp\/v2\/types\/product"}],"replies":[{"embeddable":true,"href":"https:\/\/retrocrea.fr\/en\/wp-json\/wp\/v2\/comments?post=12788"}],"version-history":[{"count":0,"href":"https:\/\/retrocrea.fr\/en\/wp-json\/wp\/v2\/product\/12788\/revisions"}],"wp:featuredmedia":[{"embeddable":true,"href":"https:\/\/retrocrea.fr\/en\/wp-json\/wp\/v2\/media\/12064"}],"wp:attachment":[{"href":"https:\/\/retrocrea.fr\/en\/wp-json\/wp\/v2\/media?parent=12788"}],"wp:term":[{"taxonomy":"product_brand","embeddable":true,"href":"https:\/\/retrocrea.fr\/en\/wp-json\/wp\/v2\/product_brand?post=12788"},{"taxonomy":"product_cat","embeddable":true,"href":"https:\/\/retrocrea.fr\/en\/wp-json\/wp\/v2\/product_cat?post=12788"},{"taxonomy":"product_tag","embeddable":true,"href":"https:\/\/retrocrea.fr\/en\/wp-json\/wp\/v2\/product_tag?post=12788"}],"curies":[{"name":"wp","href":"https:\/\/api.w.org\/{rel}","templated":true}]}}