{"id":12820,"date":"2025-02-21T12:18:42","date_gmt":"2025-02-21T11:18:42","guid":{"rendered":"https:\/\/retrocrea.fr\/produit\/rupteur-vis-platinee-bosch-1237013040-2"},"modified":"2025-10-07T21:10:24","modified_gmt":"2025-10-07T19:10:24","slug":"rupteur-vis-platinee-bosch-1237013040-2","status":"publish","type":"product","link":"https:\/\/retrocrea.fr\/en\/product\/rupteur-vis-platinee-bosch-1237013040-2","title":{"rendered":"Rupteur \/ vis platin\u00e9e BOSCH 1237013040"},"content":{"rendered":"<p>Rupteur \/ vis platin\u00e9e BOSCH 1237013040<br \/>\nPour Ford Taunus 12M 17M 20M  mot P5 depuis 08\/64<br \/>\nOpel 1965<\/p>\n<p>Neuf ancien stock, de marque Constructeur, Ducellier, BOSCH, SEV MARCHAL, AVA, Lucas, Mobil, MAGNETTI MARELLI, Lewy&rsquo;s, SIE, Unipart, Paris-Rhone, Hitachi, RB, Sopartex, SX, Bremi, Valeo, Delco-Remy, MAB, Facet, Doduco, Motorcraft, Electra, Vap ou autre en fonction de la disponibilit\u00e9<br \/>\nMontage Bosch<\/p>\n<p>Possible traces de stockage<\/p>\n<p>R\u00e9f\u00e9rence Bosch 1237013040<br \/>\nR\u00e9f\u00e9rence SIE 8-228V<br \/>\nR\u00e9f\u00e9rence MAB 164PA<br \/>\nR\u00e9f\u00e9rence constructeur Ford 425980<br \/>\nAutres r\u00e9f\u00e9rence Ventil\u00e9<\/p>\n<p>Mod\u00e8les et correspondances indicatives<\/p>\n<p>Photo non contractuelle<br \/>\nNous contacter si besoin pour confirmer votre mod\u00e8le <\/p>","protected":false},"excerpt":{"rendered":"<p>Rupteur \/ vis platin\u00e9e pour Ford Taunus 12M 17M 20M  mot P5 depuis 08\/64<br \/>\nOpel 1965<br \/>\nNeuf ancien stock<br \/>\nPhoto non contractuelle<\/p>","protected":false},"featured_media":12426,"comment_status":"closed","ping_status":"closed","template":"","meta":{"site-sidebar-layout":"default","site-content-layout":"","ast-site-content-layout":"default","site-content-style":"default","site-sidebar-style":"default","ast-global-header-display":"","ast-banner-title-visibility":"","ast-main-header-display":"","ast-hfb-above-header-display":"","ast-hfb-below-header-display":"","ast-hfb-mobile-header-display":"","site-post-title":"","ast-breadcrumbs-content":"","ast-featured-img":"","footer-sml-layout":"","ast-disable-related-posts":"","theme-transparent-header-meta":"","adv-header-id-meta":"","stick-header-meta":"","header-above-stick-meta":"","header-main-stick-meta":"","header-below-stick-meta":"","astra-migrate-meta-layouts":"default","ast-page-background-enabled":"default","ast-page-background-meta":{"desktop":{"background-color":"","background-image":"","background-repeat":"repeat","background-position":"center center","background-size":"auto","background-attachment":"scroll","background-type":"","background-media":"","overlay-type":"","overlay-color":"","overlay-opacity":"","overlay-gradient":""},"tablet":{"background-color":"","background-image":"","background-repeat":"repeat","background-position":"center center","background-size":"auto","background-attachment":"scroll","background-type":"","background-media":"","overlay-type":"","overlay-color":"","overlay-opacity":"","overlay-gradient":""},"mobile":{"background-color":"","background-image":"","background-repeat":"repeat","background-position":"center center","background-size":"auto","background-attachment":"scroll","background-type":"","background-media":"","overlay-type":"","overlay-color":"","overlay-opacity":"","overlay-gradient":""}},"ast-content-background-meta":{"desktop":{"background-color":"var(--ast-global-color-5)","background-image":"","background-repeat":"repeat","background-position":"center center","background-size":"auto","background-attachment":"scroll","background-type":"","background-media":"","overlay-type":"","overlay-color":"","overlay-opacity":"","overlay-gradient":""},"tablet":{"background-color":"var(--ast-global-color-5)","background-image":"","background-repeat":"repeat","background-position":"center center","background-size":"auto","background-attachment":"scroll","background-type":"","background-media":"","overlay-type":"","overlay-color":"","overlay-opacity":"","overlay-gradient":""},"mobile":{"background-color":"var(--ast-global-color-5)","background-image":"","background-repeat":"repeat","background-position":"center center","background-size":"auto","background-attachment":"scroll","background-type":"","background-media":"","overlay-type":"","overlay-color":"","overlay-opacity":"","overlay-gradient":""}}},"product_brand":[],"product_cat":[1178,693,143],"product_tag":[],"class_list":{"0":"post-12820","1":"product","2":"type-product","3":"status-publish","4":"has-post-thumbnail","6":"product_cat-autre-opel","7":"product_cat-taunus","8":"product_cat-vis-platinees-rupteurs","9":"desktop-align-left","10":"tablet-align-left","11":"mobile-align-left","13":"first","14":"instock","15":"taxable","16":"shipping-taxable","17":"purchasable","18":"product-type-simple"},"aioseo_notices":[],"_links":{"self":[{"href":"https:\/\/retrocrea.fr\/en\/wp-json\/wp\/v2\/product\/12820","targetHints":{"allow":["GET"]}}],"collection":[{"href":"https:\/\/retrocrea.fr\/en\/wp-json\/wp\/v2\/product"}],"about":[{"href":"https:\/\/retrocrea.fr\/en\/wp-json\/wp\/v2\/types\/product"}],"replies":[{"embeddable":true,"href":"https:\/\/retrocrea.fr\/en\/wp-json\/wp\/v2\/comments?post=12820"}],"version-history":[{"count":0,"href":"https:\/\/retrocrea.fr\/en\/wp-json\/wp\/v2\/product\/12820\/revisions"}],"wp:featuredmedia":[{"embeddable":true,"href":"https:\/\/retrocrea.fr\/en\/wp-json\/wp\/v2\/media\/12426"}],"wp:attachment":[{"href":"https:\/\/retrocrea.fr\/en\/wp-json\/wp\/v2\/media?parent=12820"}],"wp:term":[{"taxonomy":"product_brand","embeddable":true,"href":"https:\/\/retrocrea.fr\/en\/wp-json\/wp\/v2\/product_brand?post=12820"},{"taxonomy":"product_cat","embeddable":true,"href":"https:\/\/retrocrea.fr\/en\/wp-json\/wp\/v2\/product_cat?post=12820"},{"taxonomy":"product_tag","embeddable":true,"href":"https:\/\/retrocrea.fr\/en\/wp-json\/wp\/v2\/product_tag?post=12820"}],"curies":[{"name":"wp","href":"https:\/\/api.w.org\/{rel}","templated":true}]}}