{"id":12827,"date":"2025-02-21T12:18:48","date_gmt":"2025-02-21T11:18:48","guid":{"rendered":"https:\/\/retrocrea.fr\/produit\/rupteur-vis-platinee-sev-marchal-40011903"},"modified":"2025-10-07T21:10:26","modified_gmt":"2025-10-07T19:10:26","slug":"rupteur-vis-platinee-sev-marchal-40011903","status":"publish","type":"product","link":"https:\/\/retrocrea.fr\/en\/product\/rupteur-vis-platinee-sev-marchal-40011903","title":{"rendered":"Rupteur \/ vis platin\u00e9e SEV MARCHAL 40011903"},"content":{"rendered":"<p>Rupteur \/ vis platin\u00e9e SEV MARCHAL 40011903<br \/>\nPour Austin (BLMC) 1956-57<br \/>\nAustin Healey 1953-57<br \/>\nFord Anglia 1957-65 Consul Capri Corsair Cortina Zephyr<br \/>\nHillman 1956-67<br \/>\nLandrover<br \/>\nMG 1957-67<br \/>\nMorris 1956-67<br \/>\nRiley Rover 1956-67<br \/>\nSinger Standard<br \/>\nTriumph 1300 2000 2500 1956 1000 2000 2500PI 1969-70<br \/>\nVauhall 1957<br \/>\nJaguar 1.4L 2.4L 3.8L MKX MKII 340 420 1963-69<\/p>\n<p>Neuf ancien stock, de marque Constructeur, Ducellier, BOSCH, SEV MARCHAL, AVA, Lucas, Mobil, MAGNETTI MARELLI, Lewy&rsquo;s, SIE, Unipart, Paris-Rhone, Hitachi, RB, Sopartex, SX, Bremi, Valeo, Delco-Remy, MAB, Facet, Doduco, Motorcraft, Electra, Vap ou autre en fonction de la disponibilit\u00e9<br \/>\nMontage Lucas<\/p>\n<p>Possible traces de stockage<\/p>\n<p>R\u00e9f\u00e9rence SEV MARCHAL 40011903<br \/>\nR\u00e9f\u00e9rence Lucas CS5<br \/>\nR\u00e9f\u00e9rence SIE 34-297V<br \/>\nR\u00e9f\u00e9rence Bremi 1567MV<br \/>\nR\u00e9f\u00e9rence Valeo L431<br \/>\nR\u00e9f\u00e9rence MAB 182PA<br \/>\nR\u00e9f\u00e9rence Facet 14683MHDV<br \/>\nR\u00e9f\u00e9rence Electra 89-192V<br \/>\nR\u00e9f\u00e9rence constructeur Ford 54419946<br \/>\nAutres r\u00e9f\u00e9rence Ventil\u00e9<br \/>\nIdem Lucas 423153<\/p>\n<p>Mod\u00e8les et correspondances indicatives<\/p>\n<p>Photo non contractuelle<br \/>\nNous contacter si besoin pour confirmer votre mod\u00e8le <\/p>","protected":false},"excerpt":{"rendered":"<p>Rupteur \/ vis platin\u00e9e pour Austin (BLMC) 1956-57<br \/>\nAustin Healey 1953-57<br \/>\nFord Anglia 1957-65 Consul Capri Corsair Cortina Zephyr<br \/>\nHillman 1956-67<br \/>\nLandrover<br \/>\nMG 1957-67<br \/>\nMorris 1956-67<br \/>\nRiley Rover 1956-67<br \/>\nSinger Standard<br \/>\nTriumph 1300 2000 2500 1956 1000 2000 2500PI 1969-70<br \/>\nVauhall 1957<br \/>\nJaguar 1.4L 2.4L 3.8L MKX MKII 340 420 1963-69<br \/>\nNeuf ancien stock<br \/>\nPhoto non contractuelle<\/p>","protected":false},"featured_media":12360,"comment_status":"closed","ping_status":"closed","template":"","meta":{"site-sidebar-layout":"default","site-content-layout":"","ast-site-content-layout":"default","site-content-style":"default","site-sidebar-style":"default","ast-global-header-display":"","ast-banner-title-visibility":"","ast-main-header-display":"","ast-hfb-above-header-display":"","ast-hfb-below-header-display":"","ast-hfb-mobile-header-display":"","site-post-title":"","ast-breadcrumbs-content":"","ast-featured-img":"","footer-sml-layout":"","ast-disable-related-posts":"","theme-transparent-header-meta":"","adv-header-id-meta":"","stick-header-meta":"","header-above-stick-meta":"","header-main-stick-meta":"","header-below-stick-meta":"","astra-migrate-meta-layouts":"default","ast-page-background-enabled":"default","ast-page-background-meta":{"desktop":{"background-color":"","background-image":"","background-repeat":"repeat","background-position":"center center","background-size":"auto","background-attachment":"scroll","background-type":"","background-media":"","overlay-type":"","overlay-color":"","overlay-opacity":"","overlay-gradient":""},"tablet":{"background-color":"","background-image":"","background-repeat":"repeat","background-position":"center center","background-size":"auto","background-attachment":"scroll","background-type":"","background-media":"","overlay-type":"","overlay-color":"","overlay-opacity":"","overlay-gradient":""},"mobile":{"background-color":"","background-image":"","background-repeat":"repeat","background-position":"center center","background-size":"auto","background-attachment":"scroll","background-type":"","background-media":"","overlay-type":"","overlay-color":"","overlay-opacity":"","overlay-gradient":""}},"ast-content-background-meta":{"desktop":{"background-color":"var(--ast-global-color-5)","background-image":"","background-repeat":"repeat","background-position":"center center","background-size":"auto","background-attachment":"scroll","background-type":"","background-media":"","overlay-type":"","overlay-color":"","overlay-opacity":"","overlay-gradient":""},"tablet":{"background-color":"var(--ast-global-color-5)","background-image":"","background-repeat":"repeat","background-position":"center center","background-size":"auto","background-attachment":"scroll","background-type":"","background-media":"","overlay-type":"","overlay-color":"","overlay-opacity":"","overlay-gradient":""},"mobile":{"background-color":"var(--ast-global-color-5)","background-image":"","background-repeat":"repeat","background-position":"center center","background-size":"auto","background-attachment":"scroll","background-type":"","background-media":"","overlay-type":"","overlay-color":"","overlay-opacity":"","overlay-gradient":""}}},"product_brand":[],"product_cat":[923,1015,1184,1036,1090,926,924,1177,925,1051,1017,1029,681,594,975,677,143,932],"product_tag":[],"class_list":{"0":"post-12827","1":"product","2":"type-product","3":"status-publish","4":"has-post-thumbnail","6":"product_cat-anglia","7":"product_cat-austin","8":"product_cat-austin-healey","9":"product_cat-autre-marques","10":"product_cat-blmc","11":"product_cat-capri","12":"product_cat-consul","13":"product_cat-corsair","14":"product_cat-cortina","15":"product_cat-hillman-marques","16":"product_cat-jaguar","17":"product_cat-land-rover","18":"product_cat-mg","19":"product_cat-morris","20":"product_cat-rover","21":"product_cat-triumph","22":"product_cat-vis-platinees-rupteurs","23":"product_cat-zephyr","24":"desktop-align-left","25":"tablet-align-left","26":"mobile-align-left","28":"first","29":"instock","30":"taxable","31":"shipping-taxable","32":"purchasable","33":"product-type-simple"},"aioseo_notices":[],"_links":{"self":[{"href":"https:\/\/retrocrea.fr\/en\/wp-json\/wp\/v2\/product\/12827","targetHints":{"allow":["GET"]}}],"collection":[{"href":"https:\/\/retrocrea.fr\/en\/wp-json\/wp\/v2\/product"}],"about":[{"href":"https:\/\/retrocrea.fr\/en\/wp-json\/wp\/v2\/types\/product"}],"replies":[{"embeddable":true,"href":"https:\/\/retrocrea.fr\/en\/wp-json\/wp\/v2\/comments?post=12827"}],"version-history":[{"count":0,"href":"https:\/\/retrocrea.fr\/en\/wp-json\/wp\/v2\/product\/12827\/revisions"}],"wp:featuredmedia":[{"embeddable":true,"href":"https:\/\/retrocrea.fr\/en\/wp-json\/wp\/v2\/media\/12360"}],"wp:attachment":[{"href":"https:\/\/retrocrea.fr\/en\/wp-json\/wp\/v2\/media?parent=12827"}],"wp:term":[{"taxonomy":"product_brand","embeddable":true,"href":"https:\/\/retrocrea.fr\/en\/wp-json\/wp\/v2\/product_brand?post=12827"},{"taxonomy":"product_cat","embeddable":true,"href":"https:\/\/retrocrea.fr\/en\/wp-json\/wp\/v2\/product_cat?post=12827"},{"taxonomy":"product_tag","embeddable":true,"href":"https:\/\/retrocrea.fr\/en\/wp-json\/wp\/v2\/product_tag?post=12827"}],"curies":[{"name":"wp","href":"https:\/\/api.w.org\/{rel}","templated":true}]}}