{"id":12839,"date":"2025-02-21T12:18:59","date_gmt":"2025-02-21T11:18:59","guid":{"rendered":"https:\/\/retrocrea.fr\/produit\/rupteur-vis-platinee-sev-marchal-40001103"},"modified":"2025-10-07T21:10:31","modified_gmt":"2025-10-07T19:10:31","slug":"rupteur-vis-platinee-sev-marchal-40001103","status":"publish","type":"product","link":"https:\/\/retrocrea.fr\/en\/product\/rupteur-vis-platinee-sev-marchal-40001103","title":{"rendered":"Rupteur \/ vis platin\u00e9e SEV MARCHAL 40001103"},"content":{"rendered":"<p>Rupteur \/ vis platin\u00e9e SEV MARCHAL 40001103<br \/>\nPour Citro\u00ebn DS ID 1969 Traction 11CV 15CV<br \/>\nPeugeot 204 404 1970<br \/>\nMatra Djet 1100<\/p>\n<p>Neuf ancien stock, de marque Constructeur, Ducellier, BOSCH, SEV MARCHAL, AVA, Lucas, Mobil, MAGNETTI MARELLI, Lewy&rsquo;s, SIE, Unipart, Paris-Rhone, Hitachi, RB, Sopartex, SX, Bremi, Valeo, Delco-Remy, MAB, Facet, Doduco, Motorcraft, Electra, Vap ou autre en fonction de la disponibilit\u00e9<\/p>\n<p>Possible traces de stockage<\/p>\n<p>R\u00e9f\u00e9rence SEV MARCHAL 40001103<br \/>\nR\u00e9f\u00e9rence SIE 53V<br \/>\nR\u00e9f\u00e9rence Valeo S405<br \/>\nR\u00e9f\u00e9rence Doduco 576V<br \/>\nR\u00e9f\u00e9rence Electra 480<br \/>\nR\u00e9f\u00e9rence constructeur Peugeot 5927.24<br \/>\nAutres r\u00e9f\u00e9rence Ventil\u00e9<br \/>\nIdem SEV 908514<br \/>\nFil 60mm<\/p>\n<p>Mod\u00e8les et correspondances indicatives<\/p>\n<p>Photo non contractuelle<br \/>\nNous contacter si besoin pour confirmer votre mod\u00e8le <\/p>","protected":false},"excerpt":{"rendered":"<p>Rupteur \/ vis platin\u00e9e pour Citro\u00ebn DS ID 1969 Traction 11CV 15CV<br \/>\nPeugeot 204 404 1970<br \/>\nMatra Djet 1100<br \/>\nNeuf ancien stock<br \/>\nPhoto non contractuelle<\/p>","protected":false},"featured_media":12390,"comment_status":"closed","ping_status":"closed","template":"","meta":{"site-sidebar-layout":"default","site-content-layout":"","ast-site-content-layout":"default","site-content-style":"default","site-sidebar-style":"default","ast-global-header-display":"","ast-banner-title-visibility":"","ast-main-header-display":"","ast-hfb-above-header-display":"","ast-hfb-below-header-display":"","ast-hfb-mobile-header-display":"","site-post-title":"","ast-breadcrumbs-content":"","ast-featured-img":"","footer-sml-layout":"","ast-disable-related-posts":"","theme-transparent-header-meta":"","adv-header-id-meta":"","stick-header-meta":"","header-above-stick-meta":"","header-main-stick-meta":"","header-below-stick-meta":"","astra-migrate-meta-layouts":"default","ast-page-background-enabled":"default","ast-page-background-meta":{"desktop":{"background-color":"","background-image":"","background-repeat":"repeat","background-position":"center center","background-size":"auto","background-attachment":"scroll","background-type":"","background-media":"","overlay-type":"","overlay-color":"","overlay-opacity":"","overlay-gradient":""},"tablet":{"background-color":"","background-image":"","background-repeat":"repeat","background-position":"center center","background-size":"auto","background-attachment":"scroll","background-type":"","background-media":"","overlay-type":"","overlay-color":"","overlay-opacity":"","overlay-gradient":""},"mobile":{"background-color":"","background-image":"","background-repeat":"repeat","background-position":"center center","background-size":"auto","background-attachment":"scroll","background-type":"","background-media":"","overlay-type":"","overlay-color":"","overlay-opacity":"","overlay-gradient":""}},"ast-content-background-meta":{"desktop":{"background-color":"var(--ast-global-color-5)","background-image":"","background-repeat":"repeat","background-position":"center center","background-size":"auto","background-attachment":"scroll","background-type":"","background-media":"","overlay-type":"","overlay-color":"","overlay-opacity":"","overlay-gradient":""},"tablet":{"background-color":"var(--ast-global-color-5)","background-image":"","background-repeat":"repeat","background-position":"center center","background-size":"auto","background-attachment":"scroll","background-type":"","background-media":"","overlay-type":"","overlay-color":"","overlay-opacity":"","overlay-gradient":""},"mobile":{"background-color":"var(--ast-global-color-5)","background-image":"","background-repeat":"repeat","background-position":"center center","background-size":"auto","background-attachment":"scroll","background-type":"","background-media":"","overlay-type":"","overlay-color":"","overlay-opacity":"","overlay-gradient":""}}},"product_brand":[],"product_cat":[709,708,227,228,1158,243,143],"product_tag":[],"class_list":{"0":"post-12839","1":"product","2":"type-product","3":"status-publish","4":"has-post-thumbnail","6":"product_cat-709","7":"product_cat-708","8":"product_cat-ds","9":"product_cat-id","10":"product_cat-matra","11":"product_cat-traction","12":"product_cat-vis-platinees-rupteurs","13":"desktop-align-left","14":"tablet-align-left","15":"mobile-align-left","17":"first","18":"instock","19":"taxable","20":"shipping-taxable","21":"purchasable","22":"product-type-simple"},"aioseo_notices":[],"_links":{"self":[{"href":"https:\/\/retrocrea.fr\/en\/wp-json\/wp\/v2\/product\/12839","targetHints":{"allow":["GET"]}}],"collection":[{"href":"https:\/\/retrocrea.fr\/en\/wp-json\/wp\/v2\/product"}],"about":[{"href":"https:\/\/retrocrea.fr\/en\/wp-json\/wp\/v2\/types\/product"}],"replies":[{"embeddable":true,"href":"https:\/\/retrocrea.fr\/en\/wp-json\/wp\/v2\/comments?post=12839"}],"version-history":[{"count":0,"href":"https:\/\/retrocrea.fr\/en\/wp-json\/wp\/v2\/product\/12839\/revisions"}],"wp:featuredmedia":[{"embeddable":true,"href":"https:\/\/retrocrea.fr\/en\/wp-json\/wp\/v2\/media\/12390"}],"wp:attachment":[{"href":"https:\/\/retrocrea.fr\/en\/wp-json\/wp\/v2\/media?parent=12839"}],"wp:term":[{"taxonomy":"product_brand","embeddable":true,"href":"https:\/\/retrocrea.fr\/en\/wp-json\/wp\/v2\/product_brand?post=12839"},{"taxonomy":"product_cat","embeddable":true,"href":"https:\/\/retrocrea.fr\/en\/wp-json\/wp\/v2\/product_cat?post=12839"},{"taxonomy":"product_tag","embeddable":true,"href":"https:\/\/retrocrea.fr\/en\/wp-json\/wp\/v2\/product_tag?post=12839"}],"curies":[{"name":"wp","href":"https:\/\/api.w.org\/{rel}","templated":true}]}}