{"id":14753,"date":"2026-04-24T13:55:28","date_gmt":"2026-04-24T11:55:28","guid":{"rendered":"https:\/\/retrocrea.fr\/produit\/soupape-adm-bernard-8"},"modified":"2026-04-24T15:21:52","modified_gmt":"2026-04-24T13:21:52","slug":"soupape-adm-bernard-8","status":"publish","type":"product","link":"https:\/\/retrocrea.fr\/en\/product\/soupape-adm-bernard-8","title":{"rendered":"Soupape adm Bernard DA 3,46 &#8211; 083,46 &#8211; DA3, 43 &#8211; 3DA3,31 &#8211; 11 CV084, DC4, DD4, 53 &#8211; DC4,39 &#8211; 4107, 95 1485 ADA3,46 &#8211; DB3,46 &#8211; DA3,43 &#8211; DA3,31 &#8211; 11CV &#8211; DB4 &#8211; DC4 &#8211; DD4,53 &#8211; DC4,39 &#8211; DD4,39 &#8211; 15CV &#8211; DC6,53 &#8211; DD6,58 &#8211; DH6 &#8211; D16 &#8211; DD6,39 &#8211; D6,58 &#8211; DC6 &#8211; DD6 &#8211; 6LW diesel 6cyl"},"content":{"rendered":"<p>Soupape admission pour Bernard DA 3,46 &#8211; 083,46 &#8211; DA3, 43 &#8211; 3DA3,31 &#8211; 11 CV084, DC4, DD4, 53 &#8211; DC4,39 &#8211; 4107, 95 1485 ADA3,46 &#8211; DB3,46 &#8211; DA3,43 &#8211; DA3,31 &#8211; 11CV &#8211; DB4 &#8211; DC4 &#8211; DD4,53 &#8211; DC4,39 &#8211; DD4,39 &#8211; 15CV &#8211; DC6,53 &#8211; DD6,58 &#8211; DH6 &#8211; D16 &#8211; DD6,39 &#8211; D6,58 &#8211; DC6 &#8211; DD6 &#8211; 6LW diesel 6cyl<\/p>\n<p>Neuf, de marque Floquet Monopole, La Soupape, AElite ou autre en fonction de la disponibilit\u00e9<\/p>\n<p>Possible traces de stockage<\/p>\n<p> Dimensions origine (cote standard):<br \/>\nDiam\u00e8tre de tige (mm): 9,52<br \/>\nDiam\u00e8tre de queue (mm): 51,6<br \/>\nLongueur totale (mm): 150,4<br \/>\nAngle (\u00b0): 45<br \/>\nForme de t\u00eate: PD (voir photos)<br \/>\nType de fixation: I (voir photos)<\/p>\n<p>Photo non contractuelle<br \/>\nNous contacter si besoin pour confirmer votre mod\u00e8le <\/p>","protected":false},"excerpt":{"rendered":"<p>Soupape adm pour Bernard<br \/>\nNeuves<br \/>\nCote r\u00e9paration ou origine suivant disponibilit\u00e9<br \/>\nVendue par 1 pi\u00e8ce ou \u00e0 l&rsquo;unit\u00e9 suivant disponibilit\u00e9<br \/>\nPhoto non contractuelle<\/p>","protected":false},"featured_media":6332,"comment_status":"closed","ping_status":"closed","template":"","meta":{"site-sidebar-layout":"default","site-content-layout":"","ast-site-content-layout":"default","site-content-style":"default","site-sidebar-style":"default","ast-global-header-display":"","ast-banner-title-visibility":"","ast-main-header-display":"","ast-hfb-above-header-display":"","ast-hfb-below-header-display":"","ast-hfb-mobile-header-display":"","site-post-title":"","ast-breadcrumbs-content":"","ast-featured-img":"","footer-sml-layout":"","ast-disable-related-posts":"","theme-transparent-header-meta":"","adv-header-id-meta":"","stick-header-meta":"","header-above-stick-meta":"","header-main-stick-meta":"","header-below-stick-meta":"","astra-migrate-meta-layouts":"default","ast-page-background-enabled":"default","ast-page-background-meta":{"desktop":{"background-color":"","background-image":"","background-repeat":"repeat","background-position":"center center","background-size":"auto","background-attachment":"scroll","background-type":"","background-media":"","overlay-type":"","overlay-color":"","overlay-opacity":"","overlay-gradient":""},"tablet":{"background-color":"","background-image":"","background-repeat":"repeat","background-position":"center center","background-size":"auto","background-attachment":"scroll","background-type":"","background-media":"","overlay-type":"","overlay-color":"","overlay-opacity":"","overlay-gradient":""},"mobile":{"background-color":"","background-image":"","background-repeat":"repeat","background-position":"center center","background-size":"auto","background-attachment":"scroll","background-type":"","background-media":"","overlay-type":"","overlay-color":"","overlay-opacity":"","overlay-gradient":""}},"ast-content-background-meta":{"desktop":{"background-color":"var(--ast-global-color-5)","background-image":"","background-repeat":"repeat","background-position":"center center","background-size":"auto","background-attachment":"scroll","background-type":"","background-media":"","overlay-type":"","overlay-color":"","overlay-opacity":"","overlay-gradient":""},"tablet":{"background-color":"var(--ast-global-color-5)","background-image":"","background-repeat":"repeat","background-position":"center center","background-size":"auto","background-attachment":"scroll","background-type":"","background-media":"","overlay-type":"","overlay-color":"","overlay-opacity":"","overlay-gradient":""},"mobile":{"background-color":"var(--ast-global-color-5)","background-image":"","background-repeat":"repeat","background-position":"center center","background-size":"auto","background-attachment":"scroll","background-type":"","background-media":"","overlay-type":"","overlay-color":"","overlay-opacity":"","overlay-gradient":""}}},"product_brand":[],"product_cat":[971,80],"product_tag":[],"class_list":{"0":"post-14753","1":"product","2":"type-product","3":"status-publish","4":"has-post-thumbnail","6":"product_cat-bernard","7":"product_cat-soupapes","8":"desktop-align-left","9":"tablet-align-left","10":"mobile-align-left","12":"first","13":"instock","14":"taxable","15":"shipping-taxable","16":"purchasable","17":"product-type-variable"},"aioseo_notices":[],"_links":{"self":[{"href":"https:\/\/retrocrea.fr\/en\/wp-json\/wp\/v2\/product\/14753","targetHints":{"allow":["GET"]}}],"collection":[{"href":"https:\/\/retrocrea.fr\/en\/wp-json\/wp\/v2\/product"}],"about":[{"href":"https:\/\/retrocrea.fr\/en\/wp-json\/wp\/v2\/types\/product"}],"replies":[{"embeddable":true,"href":"https:\/\/retrocrea.fr\/en\/wp-json\/wp\/v2\/comments?post=14753"}],"version-history":[{"count":1,"href":"https:\/\/retrocrea.fr\/en\/wp-json\/wp\/v2\/product\/14753\/revisions"}],"predecessor-version":[{"id":15029,"href":"https:\/\/retrocrea.fr\/en\/wp-json\/wp\/v2\/product\/14753\/revisions\/15029"}],"wp:featuredmedia":[{"embeddable":true,"href":"https:\/\/retrocrea.fr\/en\/wp-json\/wp\/v2\/media\/6332"}],"wp:attachment":[{"href":"https:\/\/retrocrea.fr\/en\/wp-json\/wp\/v2\/media?parent=14753"}],"wp:term":[{"taxonomy":"product_brand","embeddable":true,"href":"https:\/\/retrocrea.fr\/en\/wp-json\/wp\/v2\/product_brand?post=14753"},{"taxonomy":"product_cat","embeddable":true,"href":"https:\/\/retrocrea.fr\/en\/wp-json\/wp\/v2\/product_cat?post=14753"},{"taxonomy":"product_tag","embeddable":true,"href":"https:\/\/retrocrea.fr\/en\/wp-json\/wp\/v2\/product_tag?post=14753"}],"curies":[{"name":"wp","href":"https:\/\/api.w.org\/{rel}","templated":true}]}}