{"id":5691,"date":"2024-03-15T15:38:26","date_gmt":"2024-03-15T14:38:26","guid":{"rendered":"http:\/\/retrocrea.fr\/?post_type=product&#038;p=5691"},"modified":"2025-02-21T10:48:29","modified_gmt":"2025-02-21T09:48:29","slug":"pignon-de-distribution-renault-type-r2160-cabine-avancee-2060-2062-206e1-ahs2-3-4-moteur-603-2t5-moteur-lateral-colorale-savane-moteur-85","status":"publish","type":"product","link":"https:\/\/retrocrea.fr\/en\/product\/pignon-de-distribution-renault-type-r2160-cabine-avancee-2060-2062-206e1-ahs2-3-4-moteur-603-2t5-moteur-lateral-colorale-savane-moteur-85","title":{"rendered":"Pignon de distribution Renault Type R2160 cabine avanc\u00e9e, 2060, 2062, 206E1, AHS2-3-4, moteur 603, 2T5, moteur lat\u00e9ral Colorale, Savane moteur 85"},"content":{"rendered":"<p>Pignon de distribution pour Renault Type R2160 cabine avanc\u00e9e, 2060, 2062, 206E1, AHS2-3-4, moteur 603, 2T5, moteur lat\u00e9ral Colorale, Savane moteur 85<\/p>\n<p>Neuf ancien stock de marque Celoron, Vitex, Champion ou autre en fonction de la disponibilit\u00e9<\/p>\n<p>Possible traces de stockage<\/p>\n<p>R\u00e9f\u00e9rence Vitex 5209<br \/>\nR\u00e9f\u00e9rence Celoron 103<br \/>\nR\u00e9f\u00e9rence Champion 234<\/p>\n<p>Nombre de dents:  52<br \/>\nDiam\u00e8tre ext\u00e9rieur (mm): 161,2<br \/>\nDiam\u00e8tre al\u00e9sage (mm): 38<br \/>\nEpaisseur des dents (mm): 25<\/p>\n<p>Photo non contractuelle<br \/>\nNous contacter si besoin pour confirmer votre mod\u00e8le<\/p>","protected":false},"excerpt":{"rendered":"<p>Pignon de distribution pour Renault Type R2160 cabine avanc\u00e9e, 2060, 2062, 206E1, AHS2-3-4, moteur 603, 2T5, moteur lat\u00e9ral Colorale, Savane moteur 85<br \/>\nNeuf ancien stock<br \/>\nNombre de dents:  52<\/p>\n<p>Photo non contractuelle<\/p>","protected":false},"featured_media":4997,"comment_status":"closed","ping_status":"closed","template":"","meta":{"site-sidebar-layout":"","site-content-layout":"","ast-site-content-layout":"default","site-content-style":"default","site-sidebar-style":"default","ast-global-header-display":"","ast-banner-title-visibility":"","ast-main-header-display":"","ast-hfb-above-header-display":"","ast-hfb-below-header-display":"","ast-hfb-mobile-header-display":"","site-post-title":"","ast-breadcrumbs-content":"","ast-featured-img":"","footer-sml-layout":"","ast-disable-related-posts":"","theme-transparent-header-meta":"","adv-header-id-meta":"","stick-header-meta":"","header-above-stick-meta":"","header-main-stick-meta":"","header-below-stick-meta":"","astra-migrate-meta-layouts":"default","ast-page-background-enabled":"default","ast-page-background-meta":{"desktop":{"background-color":"","background-image":"","background-repeat":"repeat","background-position":"center center","background-size":"auto","background-attachment":"scroll","background-type":"","background-media":"","overlay-type":"","overlay-color":"","overlay-opacity":"","overlay-gradient":""},"tablet":{"background-color":"","background-image":"","background-repeat":"repeat","background-position":"center center","background-size":"auto","background-attachment":"scroll","background-type":"","background-media":"","overlay-type":"","overlay-color":"","overlay-opacity":"","overlay-gradient":""},"mobile":{"background-color":"","background-image":"","background-repeat":"repeat","background-position":"center center","background-size":"auto","background-attachment":"scroll","background-type":"","background-media":"","overlay-type":"","overlay-color":"","overlay-opacity":"","overlay-gradient":""}},"ast-content-background-meta":{"desktop":{"background-color":"var(--ast-global-color-5)","background-image":"","background-repeat":"repeat","background-position":"center center","background-size":"auto","background-attachment":"scroll","background-type":"","background-media":"","overlay-type":"","overlay-color":"","overlay-opacity":"","overlay-gradient":""},"tablet":{"background-color":"var(--ast-global-color-5)","background-image":"","background-repeat":"repeat","background-position":"center center","background-size":"auto","background-attachment":"scroll","background-type":"","background-media":"","overlay-type":"","overlay-color":"","overlay-opacity":"","overlay-gradient":""},"mobile":{"background-color":"var(--ast-global-color-5)","background-image":"","background-repeat":"repeat","background-position":"center center","background-size":"auto","background-attachment":"scroll","background-type":"","background-media":"","overlay-type":"","overlay-color":"","overlay-opacity":"","overlay-gradient":""}}},"product_brand":[],"product_cat":[688,92],"product_tag":[],"class_list":{"0":"post-5691","1":"product","2":"type-product","3":"status-publish","4":"has-post-thumbnail","6":"product_cat-autre-renault","7":"product_cat-pignons-celoron","8":"desktop-align-left","9":"tablet-align-left","10":"mobile-align-left","12":"first","13":"instock","14":"taxable","15":"shipping-taxable","16":"purchasable","17":"product-type-simple"},"aioseo_notices":[],"_links":{"self":[{"href":"https:\/\/retrocrea.fr\/en\/wp-json\/wp\/v2\/product\/5691","targetHints":{"allow":["GET"]}}],"collection":[{"href":"https:\/\/retrocrea.fr\/en\/wp-json\/wp\/v2\/product"}],"about":[{"href":"https:\/\/retrocrea.fr\/en\/wp-json\/wp\/v2\/types\/product"}],"replies":[{"embeddable":true,"href":"https:\/\/retrocrea.fr\/en\/wp-json\/wp\/v2\/comments?post=5691"}],"version-history":[{"count":1,"href":"https:\/\/retrocrea.fr\/en\/wp-json\/wp\/v2\/product\/5691\/revisions"}],"predecessor-version":[{"id":5717,"href":"https:\/\/retrocrea.fr\/en\/wp-json\/wp\/v2\/product\/5691\/revisions\/5717"}],"wp:featuredmedia":[{"embeddable":true,"href":"https:\/\/retrocrea.fr\/en\/wp-json\/wp\/v2\/media\/4997"}],"wp:attachment":[{"href":"https:\/\/retrocrea.fr\/en\/wp-json\/wp\/v2\/media?parent=5691"}],"wp:term":[{"taxonomy":"product_brand","embeddable":true,"href":"https:\/\/retrocrea.fr\/en\/wp-json\/wp\/v2\/product_brand?post=5691"},{"taxonomy":"product_cat","embeddable":true,"href":"https:\/\/retrocrea.fr\/en\/wp-json\/wp\/v2\/product_cat?post=5691"},{"taxonomy":"product_tag","embeddable":true,"href":"https:\/\/retrocrea.fr\/en\/wp-json\/wp\/v2\/product_tag?post=5691"}],"curies":[{"name":"wp","href":"https:\/\/api.w.org\/{rel}","templated":true}]}}