{"id":5790,"date":"2024-03-15T15:39:17","date_gmt":"2024-03-15T14:39:17","guid":{"rendered":"http:\/\/retrocrea.fr\/?post_type=product&#038;p=5790"},"modified":"2025-02-21T11:10:41","modified_gmt":"2025-02-21T10:10:41","slug":"couronne-de-demarreur-citroen-7cv-11cv-traction-entrees-a-gauche","status":"publish","type":"product","link":"https:\/\/retrocrea.fr\/en\/product\/couronne-de-demarreur-citroen-7cv-11cv-traction-entrees-a-gauche","title":{"rendered":"Couronne de d\u00e9marreur Citro\u00ebn 7CV, 11Cv, Traction, entr\u00e9es \u00e0 gauche"},"content":{"rendered":"<p>Couronne de d\u00e9marreur pour Citro\u00ebn 7CV, 11Cv, Traction, entr\u00e9es \u00e0 gauche<\/p>\n<p>Occasion, de marque SEPDA, Stainless ou autre en fonction de la disponibilit\u00e9<\/p>\n<p>Possible traces de stockage<\/p>\n<p>R\u00e9f\u00e9rence SEDPA 241<br \/>\nR\u00e9f\u00e9rence Stainless C7-8<\/p>\n<p>Nombre de dents:  93<br \/>\nDiam\u00e8tre ext\u00e9rieur (mm): 300,3<br \/>\nDiam\u00e8tre al\u00e9sage (mm): 264<br \/>\nEpaisseur (mm): 10<br \/>\nObservations: Photos et annonces \u00e0 faire<\/p>\n<p>Photo non contractuelle<br \/>\nNous contacter si besoin pour confirmer votre mod\u00e8le <\/p>","protected":false},"excerpt":{"rendered":"<p>Couronne de d\u00e9marreur pour Citro\u00ebn 7CV, 11Cv, Traction, entr\u00e9es \u00e0 gauche<br \/>\nOccasion<br \/>\nNombre de dents:  93<\/p>\n<p>Photo non contractuelle<\/p>","protected":false},"featured_media":0,"comment_status":"closed","ping_status":"closed","template":"","meta":{"site-sidebar-layout":"","site-content-layout":"","ast-site-content-layout":"default","site-content-style":"default","site-sidebar-style":"default","ast-global-header-display":"","ast-banner-title-visibility":"","ast-main-header-display":"","ast-hfb-above-header-display":"","ast-hfb-below-header-display":"","ast-hfb-mobile-header-display":"","site-post-title":"","ast-breadcrumbs-content":"","ast-featured-img":"","footer-sml-layout":"","ast-disable-related-posts":"","theme-transparent-header-meta":"","adv-header-id-meta":"","stick-header-meta":"","header-above-stick-meta":"","header-main-stick-meta":"","header-below-stick-meta":"","astra-migrate-meta-layouts":"set","ast-page-background-enabled":"default","ast-page-background-meta":{"desktop":{"background-color":"","background-image":"","background-repeat":"repeat","background-position":"center center","background-size":"auto","background-attachment":"scroll","background-type":"","background-media":"","overlay-type":"","overlay-color":"","overlay-opacity":"","overlay-gradient":""},"tablet":{"background-color":"","background-image":"","background-repeat":"repeat","background-position":"center center","background-size":"auto","background-attachment":"scroll","background-type":"","background-media":"","overlay-type":"","overlay-color":"","overlay-opacity":"","overlay-gradient":""},"mobile":{"background-color":"","background-image":"","background-repeat":"repeat","background-position":"center center","background-size":"auto","background-attachment":"scroll","background-type":"","background-media":"","overlay-type":"","overlay-color":"","overlay-opacity":"","overlay-gradient":""}},"ast-content-background-meta":{"desktop":{"background-color":"var(--ast-global-color-5)","background-image":"","background-repeat":"repeat","background-position":"center center","background-size":"auto","background-attachment":"scroll","background-type":"","background-media":"","overlay-type":"","overlay-color":"","overlay-opacity":"","overlay-gradient":""},"tablet":{"background-color":"var(--ast-global-color-5)","background-image":"","background-repeat":"repeat","background-position":"center center","background-size":"auto","background-attachment":"scroll","background-type":"","background-media":"","overlay-type":"","overlay-color":"","overlay-opacity":"","overlay-gradient":""},"mobile":{"background-color":"var(--ast-global-color-5)","background-image":"","background-repeat":"repeat","background-position":"center center","background-size":"auto","background-attachment":"scroll","background-type":"","background-media":"","overlay-type":"","overlay-color":"","overlay-opacity":"","overlay-gradient":""}}},"product_brand":[],"product_cat":[543,534,94,243],"product_tag":[],"class_list":{"0":"post-5790","1":"product","2":"type-product","3":"status-publish","5":"product_cat-11cv","6":"product_cat-7cv","7":"product_cat-couronnes-de-demarreur","8":"product_cat-traction","9":"desktop-align-left","10":"tablet-align-left","11":"mobile-align-left","13":"first","14":"instock","15":"taxable","16":"shipping-taxable","17":"purchasable","18":"product-type-simple"},"aioseo_notices":[],"_links":{"self":[{"href":"https:\/\/retrocrea.fr\/en\/wp-json\/wp\/v2\/product\/5790","targetHints":{"allow":["GET"]}}],"collection":[{"href":"https:\/\/retrocrea.fr\/en\/wp-json\/wp\/v2\/product"}],"about":[{"href":"https:\/\/retrocrea.fr\/en\/wp-json\/wp\/v2\/types\/product"}],"replies":[{"embeddable":true,"href":"https:\/\/retrocrea.fr\/en\/wp-json\/wp\/v2\/comments?post=5790"}],"version-history":[{"count":7,"href":"https:\/\/retrocrea.fr\/en\/wp-json\/wp\/v2\/product\/5790\/revisions"}],"predecessor-version":[{"id":12474,"href":"https:\/\/retrocrea.fr\/en\/wp-json\/wp\/v2\/product\/5790\/revisions\/12474"}],"wp:attachment":[{"href":"https:\/\/retrocrea.fr\/en\/wp-json\/wp\/v2\/media?parent=5790"}],"wp:term":[{"taxonomy":"product_brand","embeddable":true,"href":"https:\/\/retrocrea.fr\/en\/wp-json\/wp\/v2\/product_brand?post=5790"},{"taxonomy":"product_cat","embeddable":true,"href":"https:\/\/retrocrea.fr\/en\/wp-json\/wp\/v2\/product_cat?post=5790"},{"taxonomy":"product_tag","embeddable":true,"href":"https:\/\/retrocrea.fr\/en\/wp-json\/wp\/v2\/product_tag?post=5790"}],"curies":[{"name":"wp","href":"https:\/\/api.w.org\/{rel}","templated":true}]}}