{"id":5791,"date":"2024-03-15T15:39:17","date_gmt":"2024-03-15T14:39:17","guid":{"rendered":"http:\/\/retrocrea.fr\/?post_type=product&#038;p=5791"},"modified":"2025-02-21T11:10:42","modified_gmt":"2025-02-21T10:10:42","slug":"couronne-de-demarreur-citroen-15cv-tav-apres-1945","status":"publish","type":"product","link":"https:\/\/retrocrea.fr\/en\/product\/couronne-de-demarreur-citroen-15cv-tav-apres-1945","title":{"rendered":"Couronne de d\u00e9marreur Citro\u00ebn 15CV, TAV apr\u00e8s 1945"},"content":{"rendered":"<p>Couronne de d\u00e9marreur pour Citro\u00ebn 15CV, TAV apr\u00e8s 1945<\/p>\n<p>Neuf ancien stock, de marque SEPDA, Stainless ou autre en fonction de la disponibilit\u00e9<\/p>\n<p>Possible traces de stockage<\/p>\n<p>R\u00e9f\u00e9rence SEDPA 376<\/p>\n<p>Nombre de dents:  106<br \/>\nDiam\u00e8tre ext\u00e9rieur (mm): 341,2<br \/>\nDiam\u00e8tre al\u00e9sage (mm): 284<br \/>\nEpaisseur (mm): 11,6<br \/>\nObservations: Photos et annonces \u00e0 faire<\/p>\n<p>Photo non contractuelle<br \/>\nNous contacter si besoin pour confirmer votre mod\u00e8le <\/p>","protected":false},"excerpt":{"rendered":"<p>Couronne de d\u00e9marreur pour Citro\u00ebn 15CV, TAV apr\u00e8s 1945<br \/>\nNeuf ancien stock<br \/>\nNombre de dents:  106<\/p>\n<p>Photo non contractuelle<\/p>","protected":false},"featured_media":0,"comment_status":"closed","ping_status":"closed","template":"","meta":{"site-sidebar-layout":"","site-content-layout":"","ast-site-content-layout":"default","site-content-style":"default","site-sidebar-style":"default","ast-global-header-display":"","ast-banner-title-visibility":"","ast-main-header-display":"","ast-hfb-above-header-display":"","ast-hfb-below-header-display":"","ast-hfb-mobile-header-display":"","site-post-title":"","ast-breadcrumbs-content":"","ast-featured-img":"","footer-sml-layout":"","ast-disable-related-posts":"","theme-transparent-header-meta":"","adv-header-id-meta":"","stick-header-meta":"","header-above-stick-meta":"","header-main-stick-meta":"","header-below-stick-meta":"","astra-migrate-meta-layouts":"set","ast-page-background-enabled":"default","ast-page-background-meta":{"desktop":{"background-color":"","background-image":"","background-repeat":"repeat","background-position":"center center","background-size":"auto","background-attachment":"scroll","background-type":"","background-media":"","overlay-type":"","overlay-color":"","overlay-opacity":"","overlay-gradient":""},"tablet":{"background-color":"","background-image":"","background-repeat":"repeat","background-position":"center center","background-size":"auto","background-attachment":"scroll","background-type":"","background-media":"","overlay-type":"","overlay-color":"","overlay-opacity":"","overlay-gradient":""},"mobile":{"background-color":"","background-image":"","background-repeat":"repeat","background-position":"center center","background-size":"auto","background-attachment":"scroll","background-type":"","background-media":"","overlay-type":"","overlay-color":"","overlay-opacity":"","overlay-gradient":""}},"ast-content-background-meta":{"desktop":{"background-color":"var(--ast-global-color-5)","background-image":"","background-repeat":"repeat","background-position":"center center","background-size":"auto","background-attachment":"scroll","background-type":"","background-media":"","overlay-type":"","overlay-color":"","overlay-opacity":"","overlay-gradient":""},"tablet":{"background-color":"var(--ast-global-color-5)","background-image":"","background-repeat":"repeat","background-position":"center center","background-size":"auto","background-attachment":"scroll","background-type":"","background-media":"","overlay-type":"","overlay-color":"","overlay-opacity":"","overlay-gradient":""},"mobile":{"background-color":"var(--ast-global-color-5)","background-image":"","background-repeat":"repeat","background-position":"center center","background-size":"auto","background-attachment":"scroll","background-type":"","background-media":"","overlay-type":"","overlay-color":"","overlay-opacity":"","overlay-gradient":""}}},"product_brand":[],"product_cat":[94,243],"product_tag":[],"class_list":{"0":"post-5791","1":"product","2":"type-product","3":"status-publish","5":"product_cat-couronnes-de-demarreur","6":"product_cat-traction","7":"desktop-align-left","8":"tablet-align-left","9":"mobile-align-left","11":"first","12":"instock","13":"taxable","14":"shipping-taxable","15":"purchasable","16":"product-type-simple"},"aioseo_notices":[],"_links":{"self":[{"href":"https:\/\/retrocrea.fr\/en\/wp-json\/wp\/v2\/product\/5791","targetHints":{"allow":["GET"]}}],"collection":[{"href":"https:\/\/retrocrea.fr\/en\/wp-json\/wp\/v2\/product"}],"about":[{"href":"https:\/\/retrocrea.fr\/en\/wp-json\/wp\/v2\/types\/product"}],"replies":[{"embeddable":true,"href":"https:\/\/retrocrea.fr\/en\/wp-json\/wp\/v2\/comments?post=5791"}],"version-history":[{"count":5,"href":"https:\/\/retrocrea.fr\/en\/wp-json\/wp\/v2\/product\/5791\/revisions"}],"predecessor-version":[{"id":12475,"href":"https:\/\/retrocrea.fr\/en\/wp-json\/wp\/v2\/product\/5791\/revisions\/12475"}],"wp:attachment":[{"href":"https:\/\/retrocrea.fr\/en\/wp-json\/wp\/v2\/media?parent=5791"}],"wp:term":[{"taxonomy":"product_brand","embeddable":true,"href":"https:\/\/retrocrea.fr\/en\/wp-json\/wp\/v2\/product_brand?post=5791"},{"taxonomy":"product_cat","embeddable":true,"href":"https:\/\/retrocrea.fr\/en\/wp-json\/wp\/v2\/product_cat?post=5791"},{"taxonomy":"product_tag","embeddable":true,"href":"https:\/\/retrocrea.fr\/en\/wp-json\/wp\/v2\/product_tag?post=5791"}],"curies":[{"name":"wp","href":"https:\/\/api.w.org\/{rel}","templated":true}]}}