{"id":7146,"date":"2024-04-19T12:35:01","date_gmt":"2024-04-19T10:35:01","guid":{"rendered":"http:\/\/retrocrea.fr\/produit\/soupapes-ech-citroen-p38-p45-32b-32c-t32-t45-p55-t55-t46-t56"},"modified":"2025-02-21T11:46:58","modified_gmt":"2025-02-21T10:46:58","slug":"soupapes-ech-citroen-p38-p45-32b-32c-t32-t45-p55-t55-t46-t56","status":"publish","type":"product","link":"https:\/\/retrocrea.fr\/en\/product\/soupapes-ech-citroen-p38-p45-32b-32c-t32-t45-p55-t55-t46-t56","title":{"rendered":"Soupapes \u00e9ch Citro\u00ebn P38, P45, 32B, 32C, T32, T45, P55, T55, T46, T56"},"content":{"rendered":"<p>Soupapes \u00e9chappement pour Citro\u00ebn P38 &#8211; P45 &#8211; 32B &#8211; 32C &#8211; T32 &#8211; T45 ess &#8211; P55 &#8211; T55 &#8211; T46 &#8211; T56 &#8211; TOM ess<\/p>\n<p>Neuf, de marque Floquet Monopole, La Soupape, AElite ou autre en fonction de la disponibilit\u00e9<\/p>\n<p>Possible traces de stockage<\/p>\n<p>Vendues par 6 pi\u00e8ces, prix pour 6 pi\u00e8ces<\/p>\n<p> Dimensions origine (cote standard):<br \/>\nDiam\u00e8tre de tige (mm): 10<br \/>\nDiam\u00e8tre de queue (mm): 40<br \/>\nLongueur totale (mm): 174<br \/>\nAngle (\u00b0): 60<br \/>\nForme de t\u00eate: P (voir photos)<br \/>\nType de fixation: N (voir photos)<\/p>\n<p>Photo non contractuelle<br \/>\nNous contacter si besoin pour confirmer votre mod\u00e8le <\/p>","protected":false},"excerpt":{"rendered":"<p>Soupapes \u00e9ch pour Citro\u00ebn P38, P45, 32B, 32C, T32, T45, P55, T55, T46, T56<br \/>\nNeuves<\/p>\n<p>Cote r\u00e9paration ou origine<br \/>\nPhoto non contractuelle<\/p>","protected":false},"featured_media":6332,"comment_status":"closed","ping_status":"closed","template":"","meta":{"site-sidebar-layout":"default","site-content-layout":"","ast-site-content-layout":"default","site-content-style":"default","site-sidebar-style":"default","ast-global-header-display":"","ast-banner-title-visibility":"","ast-main-header-display":"","ast-hfb-above-header-display":"","ast-hfb-below-header-display":"","ast-hfb-mobile-header-display":"","site-post-title":"","ast-breadcrumbs-content":"","ast-featured-img":"","footer-sml-layout":"","ast-disable-related-posts":"","theme-transparent-header-meta":"","adv-header-id-meta":"","stick-header-meta":"","header-above-stick-meta":"","header-main-stick-meta":"","header-below-stick-meta":"","astra-migrate-meta-layouts":"default","ast-page-background-enabled":"default","ast-page-background-meta":{"desktop":{"background-color":"","background-image":"","background-repeat":"repeat","background-position":"center center","background-size":"auto","background-attachment":"scroll","background-type":"","background-media":"","overlay-type":"","overlay-color":"","overlay-opacity":"","overlay-gradient":""},"tablet":{"background-color":"","background-image":"","background-repeat":"repeat","background-position":"center center","background-size":"auto","background-attachment":"scroll","background-type":"","background-media":"","overlay-type":"","overlay-color":"","overlay-opacity":"","overlay-gradient":""},"mobile":{"background-color":"","background-image":"","background-repeat":"repeat","background-position":"center center","background-size":"auto","background-attachment":"scroll","background-type":"","background-media":"","overlay-type":"","overlay-color":"","overlay-opacity":"","overlay-gradient":""}},"ast-content-background-meta":{"desktop":{"background-color":"var(--ast-global-color-5)","background-image":"","background-repeat":"repeat","background-position":"center center","background-size":"auto","background-attachment":"scroll","background-type":"","background-media":"","overlay-type":"","overlay-color":"","overlay-opacity":"","overlay-gradient":""},"tablet":{"background-color":"var(--ast-global-color-5)","background-image":"","background-repeat":"repeat","background-position":"center center","background-size":"auto","background-attachment":"scroll","background-type":"","background-media":"","overlay-type":"","overlay-color":"","overlay-opacity":"","overlay-gradient":""},"mobile":{"background-color":"var(--ast-global-color-5)","background-image":"","background-repeat":"repeat","background-position":"center center","background-size":"auto","background-attachment":"scroll","background-type":"","background-media":"","overlay-type":"","overlay-color":"","overlay-opacity":"","overlay-gradient":""}}},"product_brand":[],"product_cat":[875,876,874,682,878,80,877,523,879,872,880],"product_tag":[],"class_list":{"0":"post-7146","1":"product","2":"type-product","3":"status-publish","4":"has-post-thumbnail","6":"product_cat-32b","7":"product_cat-32c","8":"product_cat-p38","9":"product_cat-p45","10":"product_cat-p55","11":"product_cat-soupapes","12":"product_cat-t32","13":"product_cat-t45","14":"product_cat-t46","15":"product_cat-t55","16":"product_cat-t56","17":"desktop-align-left","18":"tablet-align-left","19":"mobile-align-left","21":"first","22":"instock","23":"taxable","24":"shipping-taxable","25":"purchasable","26":"product-type-variable"},"aioseo_notices":[],"_links":{"self":[{"href":"https:\/\/retrocrea.fr\/en\/wp-json\/wp\/v2\/product\/7146","targetHints":{"allow":["GET"]}}],"collection":[{"href":"https:\/\/retrocrea.fr\/en\/wp-json\/wp\/v2\/product"}],"about":[{"href":"https:\/\/retrocrea.fr\/en\/wp-json\/wp\/v2\/types\/product"}],"replies":[{"embeddable":true,"href":"https:\/\/retrocrea.fr\/en\/wp-json\/wp\/v2\/comments?post=7146"}],"version-history":[{"count":2,"href":"https:\/\/retrocrea.fr\/en\/wp-json\/wp\/v2\/product\/7146\/revisions"}],"predecessor-version":[{"id":10947,"href":"https:\/\/retrocrea.fr\/en\/wp-json\/wp\/v2\/product\/7146\/revisions\/10947"}],"wp:featuredmedia":[{"embeddable":true,"href":"https:\/\/retrocrea.fr\/en\/wp-json\/wp\/v2\/media\/6332"}],"wp:attachment":[{"href":"https:\/\/retrocrea.fr\/en\/wp-json\/wp\/v2\/media?parent=7146"}],"wp:term":[{"taxonomy":"product_brand","embeddable":true,"href":"https:\/\/retrocrea.fr\/en\/wp-json\/wp\/v2\/product_brand?post=7146"},{"taxonomy":"product_cat","embeddable":true,"href":"https:\/\/retrocrea.fr\/en\/wp-json\/wp\/v2\/product_cat?post=7146"},{"taxonomy":"product_tag","embeddable":true,"href":"https:\/\/retrocrea.fr\/en\/wp-json\/wp\/v2\/product_tag?post=7146"}],"curies":[{"name":"wp","href":"https:\/\/api.w.org\/{rel}","templated":true}]}}