{"id":7572,"date":"2024-04-19T13:19:23","date_gmt":"2024-04-19T11:19:23","guid":{"rendered":"http:\/\/retrocrea.fr\/produit\/soupapes-ech-fiat-124-125-131-132"},"modified":"2025-02-21T11:48:46","modified_gmt":"2025-02-21T10:48:46","slug":"soupapes-ech-fiat-124-125-131-132","status":"publish","type":"product","link":"https:\/\/retrocrea.fr\/en\/product\/soupapes-ech-fiat-124-125-131-132","title":{"rendered":"Soupapes \u00e9ch Fiat 124, 125, 131, 132"},"content":{"rendered":"<p>Soupapes \u00e9chappement pour Fiat 124 coup\u00e9 spider 1,4L 1,6L &#8211; 125 Sp\u00e9cial &#8211; 131 Racing Panorama 2,0L Super Mirafiori &#8211; 132 1,6L 2,0L<\/p>\n<p>Neuf, de marque Floquet Monopole, La Soupape, AElite ou autre en fonction de la disponibilit\u00e9<\/p>\n<p>Possible traces de stockage<\/p>\n<p>Vendues par 4 pi\u00e8ces, prix pour 4 pi\u00e8ces<\/p>\n<p> Dimensions origine (cote standard):<br \/>\nDiam\u00e8tre de tige (mm): 8<br \/>\nDiam\u00e8tre de queue (mm): 36,15<br \/>\nLongueur totale (mm): 105,9<br \/>\nAngle (\u00b0): 45<br \/>\nForme de t\u00eate: P (voir photos)<br \/>\nType de fixation: R (voir photos)<\/p>\n<p>Photo non contractuelle<br \/>\nNous contacter si besoin pour confirmer votre mod\u00e8le <\/p>","protected":false},"excerpt":{"rendered":"<p>Soupapes \u00e9ch pour Fiat 124, 125, 131, 132<br \/>\nNeuves<\/p>\n<p>Cote r\u00e9paration ou origine<br \/>\nPhoto non contractuelle<\/p>","protected":false},"featured_media":6332,"comment_status":"closed","ping_status":"closed","template":"","meta":{"site-sidebar-layout":"default","site-content-layout":"","ast-site-content-layout":"default","site-content-style":"default","site-sidebar-style":"default","ast-global-header-display":"","ast-banner-title-visibility":"","ast-main-header-display":"","ast-hfb-above-header-display":"","ast-hfb-below-header-display":"","ast-hfb-mobile-header-display":"","site-post-title":"","ast-breadcrumbs-content":"","ast-featured-img":"","footer-sml-layout":"","ast-disable-related-posts":"","theme-transparent-header-meta":"","adv-header-id-meta":"","stick-header-meta":"","header-above-stick-meta":"","header-main-stick-meta":"","header-below-stick-meta":"","astra-migrate-meta-layouts":"default","ast-page-background-enabled":"default","ast-page-background-meta":{"desktop":{"background-color":"","background-image":"","background-repeat":"repeat","background-position":"center center","background-size":"auto","background-attachment":"scroll","background-type":"","background-media":"","overlay-type":"","overlay-color":"","overlay-opacity":"","overlay-gradient":""},"tablet":{"background-color":"","background-image":"","background-repeat":"repeat","background-position":"center center","background-size":"auto","background-attachment":"scroll","background-type":"","background-media":"","overlay-type":"","overlay-color":"","overlay-opacity":"","overlay-gradient":""},"mobile":{"background-color":"","background-image":"","background-repeat":"repeat","background-position":"center center","background-size":"auto","background-attachment":"scroll","background-type":"","background-media":"","overlay-type":"","overlay-color":"","overlay-opacity":"","overlay-gradient":""}},"ast-content-background-meta":{"desktop":{"background-color":"var(--ast-global-color-5)","background-image":"","background-repeat":"repeat","background-position":"center center","background-size":"auto","background-attachment":"scroll","background-type":"","background-media":"","overlay-type":"","overlay-color":"","overlay-opacity":"","overlay-gradient":""},"tablet":{"background-color":"var(--ast-global-color-5)","background-image":"","background-repeat":"repeat","background-position":"center center","background-size":"auto","background-attachment":"scroll","background-type":"","background-media":"","overlay-type":"","overlay-color":"","overlay-opacity":"","overlay-gradient":""},"mobile":{"background-color":"var(--ast-global-color-5)","background-image":"","background-repeat":"repeat","background-position":"center center","background-size":"auto","background-attachment":"scroll","background-type":"","background-media":"","overlay-type":"","overlay-color":"","overlay-opacity":"","overlay-gradient":""}}},"product_brand":[],"product_cat":[947,954,955,956,80],"product_tag":[],"class_list":{"0":"post-7572","1":"product","2":"type-product","3":"status-publish","4":"has-post-thumbnail","6":"product_cat-947","7":"product_cat-954","8":"product_cat-955","9":"product_cat-956","10":"product_cat-soupapes","11":"desktop-align-left","12":"tablet-align-left","13":"mobile-align-left","15":"first","16":"instock","17":"taxable","18":"shipping-taxable","19":"purchasable","20":"product-type-variable"},"aioseo_notices":[],"_links":{"self":[{"href":"https:\/\/retrocrea.fr\/en\/wp-json\/wp\/v2\/product\/7572","targetHints":{"allow":["GET"]}}],"collection":[{"href":"https:\/\/retrocrea.fr\/en\/wp-json\/wp\/v2\/product"}],"about":[{"href":"https:\/\/retrocrea.fr\/en\/wp-json\/wp\/v2\/types\/product"}],"replies":[{"embeddable":true,"href":"https:\/\/retrocrea.fr\/en\/wp-json\/wp\/v2\/comments?post=7572"}],"version-history":[{"count":2,"href":"https:\/\/retrocrea.fr\/en\/wp-json\/wp\/v2\/product\/7572\/revisions"}],"predecessor-version":[{"id":11120,"href":"https:\/\/retrocrea.fr\/en\/wp-json\/wp\/v2\/product\/7572\/revisions\/11120"}],"wp:featuredmedia":[{"embeddable":true,"href":"https:\/\/retrocrea.fr\/en\/wp-json\/wp\/v2\/media\/6332"}],"wp:attachment":[{"href":"https:\/\/retrocrea.fr\/en\/wp-json\/wp\/v2\/media?parent=7572"}],"wp:term":[{"taxonomy":"product_brand","embeddable":true,"href":"https:\/\/retrocrea.fr\/en\/wp-json\/wp\/v2\/product_brand?post=7572"},{"taxonomy":"product_cat","embeddable":true,"href":"https:\/\/retrocrea.fr\/en\/wp-json\/wp\/v2\/product_cat?post=7572"},{"taxonomy":"product_tag","embeddable":true,"href":"https:\/\/retrocrea.fr\/en\/wp-json\/wp\/v2\/product_tag?post=7572"}],"curies":[{"name":"wp","href":"https:\/\/api.w.org\/{rel}","templated":true}]}}